{"id":25,"date":"2012-11-08T14:34:14","date_gmt":"2012-11-08T14:34:14","guid":{"rendered":"http:\/\/www.crnkovic.com.hr\/bor\/?page_id=25"},"modified":"2025-10-07T19:05:44","modified_gmt":"2025-10-07T19:05:44","slug":"smreka-picea-abies","status":"publish","type":"page","link":"http:\/\/www.crnkovic.com.hr\/bor\/smreka-picea-abies\/","title":{"rendered":"Smreka"},"content":{"rendered":"<div id=\"dslc-theme-content\"><div id=\"dslc-theme-content-inner\"><h3 style=\"text-align: justify;\"><img loading=\"lazy\" decoding=\"async\" class=\"alignleft size-full wp-image-295\" src=\"http:\/\/www.crnkovic.com.hr\/bor\/wp-content\/uploads\/2012\/11\/smreka-bozicno-drvce.jpg\" alt=\"smreka bozicno drvce\" width=\"271\" height=\"411\" srcset=\"http:\/\/www.crnkovic.com.hr\/bor\/wp-content\/uploads\/2012\/11\/smreka-bozicno-drvce.jpg 271w, http:\/\/www.crnkovic.com.hr\/bor\/wp-content\/uploads\/2012\/11\/smreka-bozicno-drvce-197x300.jpg 197w\" sizes=\"(max-width: 271px) 100vw, 271px\" \/>Smreka lat. naziv Picea Abies najzastupljenija vrsta crnogori\u010dnog bo\u017ei\u0107nog drvca koja je ve\u0107 tradicionalno bo\u017ei\u0107no drvce. Smreka spada u klasiku, to je drvce koje odabire uvijek najve\u0107i broj obitelji zbog intenzivnog mirisa crnogorice ali i ne\u0161to pristupa\u010dnije cijene u odnosu na ostala bo\u017ei\u0107na drvca.<\/h3>\n<p>&nbsp;<\/p>\n<h3><\/h3>\n<p>&nbsp;<\/p>\n<p>&nbsp;<\/p>\n<p>&nbsp;<\/p>\n<div id='gallery-1' class='gallery galleryid-25 gallery-columns-3 gallery-size-thumbnail'><figure class='gallery-item'>\n\t\t\t<div class='gallery-icon portrait'>\n\t\t\t\t<a href='http:\/\/www.crnkovic.com.hr\/bor\/velika-bozicna-drvca\/smreka-3\/'><img loading=\"lazy\" decoding=\"async\" width=\"150\" height=\"150\" src=\"http:\/\/www.crnkovic.com.hr\/bor\/wp-content\/uploads\/2019\/11\/smreka-3-150x150.jpg\" class=\"attachment-thumbnail size-thumbnail\" alt=\"\" \/><\/a>\n\t\t\t<\/div><\/figure><figure class='gallery-item'>\n\t\t\t<div class='gallery-icon portrait'>\n\t\t\t\t<a href='http:\/\/www.crnkovic.com.hr\/bor\/velika-bozicna-drvca\/smreka-2-2\/'><img loading=\"lazy\" decoding=\"async\" width=\"150\" height=\"150\" src=\"http:\/\/www.crnkovic.com.hr\/bor\/wp-content\/uploads\/2019\/11\/smreka-2-150x150.jpg\" class=\"attachment-thumbnail size-thumbnail\" alt=\"\" \/><\/a>\n\t\t\t<\/div><\/figure><figure class='gallery-item'>\n\t\t\t<div class='gallery-icon portrait'>\n\t\t\t\t<a href='http:\/\/www.crnkovic.com.hr\/bor\/?attachment_id=590'><img loading=\"lazy\" decoding=\"async\" width=\"150\" height=\"150\" src=\"http:\/\/www.crnkovic.com.hr\/bor\/wp-content\/uploads\/2014\/12\/smreka-bozicno-drvce547e29eba8dd4-150x150.jpg\" class=\"attachment-thumbnail size-thumbnail\" alt=\"\" \/><\/a>\n\t\t\t<\/div><\/figure><figure class='gallery-item'>\n\t\t\t<div class='gallery-icon portrait'>\n\t\t\t\t<a href='http:\/\/www.crnkovic.com.hr\/bor\/?attachment_id=583'><img loading=\"lazy\" decoding=\"async\" width=\"150\" height=\"150\" src=\"http:\/\/www.crnkovic.com.hr\/bor\/wp-content\/uploads\/2014\/12\/bozicna-drvca-smreke547e29eb22903-150x150.jpg\" class=\"attachment-thumbnail size-thumbnail\" alt=\"\" \/><\/a>\n\t\t\t<\/div><\/figure><figure class='gallery-item'>\n\t\t\t<div class='gallery-icon portrait'>\n\t\t\t\t<a href='http:\/\/www.crnkovic.com.hr\/bor\/smreka-picea-abies\/smreka-2\/'><img loading=\"lazy\" decoding=\"async\" width=\"150\" height=\"150\" src=\"http:\/\/www.crnkovic.com.hr\/bor\/wp-content\/uploads\/2012\/11\/smreka-150x150.jpg\" class=\"attachment-thumbnail size-thumbnail\" alt=\"smreka\" aria-describedby=\"gallery-1-59\" \/><\/a>\n\t\t\t<\/div>\n\t\t\t\t<figcaption class='wp-caption-text gallery-caption' id='gallery-1-59'>\n\t\t\t\tsmreka\n\t\t\t\t<\/figcaption><\/figure>\n\t\t<\/div>\n\n<p><span style=\"color: #ff0000;\"><b>RASPRODANO ZA 2025<\/b><\/span><\/p>\n<p><strong>Svake godine u ranijem periodu do 8.12. primamo online narud\u017ebe za bo\u017ei\u0107na drvca s dostavom na podru\u010dju Zagreba. Prijavite se na na\u0161u kontakt listu i obavijestit \u0107emo Vas na vrijeme kad krenemo s rezervacijama Bo\u017ei\u0107nih drvaca.<\/strong><\/p>\n<div class=\"wpforms-container wpforms-container-full\" id=\"wpforms-1259\"><form id=\"wpforms-form-1259\" class=\"wpforms-validate wpforms-form wpforms-ajax-form\" data-formid=\"1259\" method=\"post\" enctype=\"multipart\/form-data\" action=\"\/bor\/wp-json\/wp\/v2\/pages\/25\" data-token=\"e932cf7a79f178ce9b8e566e45e9d86e\" data-token-time=\"1775288273\"><noscript class=\"wpforms-error-noscript\">Please enable JavaScript in your browser to complete this form.<\/noscript><div class=\"wpforms-field-container\"><div id=\"wpforms-1259-field_1-container\" class=\"wpforms-field wpforms-field-name\" data-field-id=\"1\"><label class=\"wpforms-field-label\" for=\"wpforms-1259-field_1\">Va\u0161e ime <span class=\"wpforms-required-label\">*<\/span><\/label><input type=\"text\" id=\"wpforms-1259-field_1\" class=\"wpforms-field-medium wpforms-field-required\" name=\"wpforms[fields][1]\" required><\/div><div id=\"wpforms-1259-field_2-container\" class=\"wpforms-field wpforms-field-email\" data-field-id=\"2\"><label class=\"wpforms-field-label\" for=\"wpforms-1259-field_2\">Va\u0161 email <span class=\"wpforms-required-label\">*<\/span><\/label><input type=\"email\" id=\"wpforms-1259-field_2\" class=\"wpforms-field-medium wpforms-field-required\" name=\"wpforms[fields][2]\" spellcheck=\"false\" required><\/div><\/div><!-- .wpforms-field-container --><div class=\"wpforms-submit-container\" ><input type=\"hidden\" name=\"wpforms[id]\" value=\"1259\"><input type=\"hidden\" name=\"page_title\" value=\"\"><input type=\"hidden\" name=\"page_url\" value=\"http:\/\/www.crnkovic.com.hr\/bor\/wp-json\/wp\/v2\/pages\/25\"><button type=\"submit\" name=\"wpforms[submit]\" id=\"wpforms-submit-1259\" class=\"wpforms-submit\" data-alt-text=\"Sending...\" data-submit-text=\"Submit\" aria-live=\"assertive\" value=\"wpforms-submit\">Submit<\/button><img loading=\"lazy\" decoding=\"async\" src=\"http:\/\/www.crnkovic.com.hr\/bor\/wp-content\/plugins\/wpforms-lite\/assets\/images\/submit-spin.svg\" class=\"wpforms-submit-spinner\" style=\"display: none;\" width=\"26\" height=\"26\" alt=\"Loading\"><\/div><\/form><\/div>  <!-- .wpforms-container -->\n<\/div><\/div>","protected":false},"excerpt":{"rendered":"<p>Smreka lat. naziv Picea Abies najzastupljenija vrsta crnogori\u010dnog bo\u017ei\u0107nog drvca koja je ve\u0107 tradicionalno bo\u017ei\u0107no drvce. Smreka spada u klasiku, to je drvce koje odabire uvijek najve\u0107i broj obitelji zbog intenzivnog mirisa crnogorice ali i ne\u0161to pristupa\u010dnije cijene u odnosu na ostala bo\u017ei\u0107na drvca. &nbsp; &nbsp; &nbsp; &nbsp; RASPRODANO ZA 2025 Svake godine u ranijem [&hellip;]<\/p>\n","protected":false},"author":1,"featured_media":0,"parent":0,"menu_order":0,"comment_status":"closed","ping_status":"closed","template":"","meta":{"footnotes":""},"class_list":["post-25","page","type-page","status-publish","hentry"],"_links":{"self":[{"href":"http:\/\/www.crnkovic.com.hr\/bor\/wp-json\/wp\/v2\/pages\/25"}],"collection":[{"href":"http:\/\/www.crnkovic.com.hr\/bor\/wp-json\/wp\/v2\/pages"}],"about":[{"href":"http:\/\/www.crnkovic.com.hr\/bor\/wp-json\/wp\/v2\/types\/page"}],"author":[{"embeddable":true,"href":"http:\/\/www.crnkovic.com.hr\/bor\/wp-json\/wp\/v2\/users\/1"}],"replies":[{"embeddable":true,"href":"http:\/\/www.crnkovic.com.hr\/bor\/wp-json\/wp\/v2\/comments?post=25"}],"version-history":[{"count":69,"href":"http:\/\/www.crnkovic.com.hr\/bor\/wp-json\/wp\/v2\/pages\/25\/revisions"}],"predecessor-version":[{"id":1471,"href":"http:\/\/www.crnkovic.com.hr\/bor\/wp-json\/wp\/v2\/pages\/25\/revisions\/1471"}],"wp:attachment":[{"href":"http:\/\/www.crnkovic.com.hr\/bor\/wp-json\/wp\/v2\/media?parent=25"}],"curies":[{"name":"wp","href":"https:\/\/api.w.org\/{rel}","templated":true}]}}