{"id":27,"date":"2012-11-08T14:37:09","date_gmt":"2012-11-08T14:37:09","guid":{"rendered":"http:\/\/www.crnkovic.com.hr\/bor\/?page_id=27"},"modified":"2024-10-24T10:16:01","modified_gmt":"2024-10-24T10:16:01","slug":"kontakt","status":"publish","type":"page","link":"http:\/\/www.crnkovic.com.hr\/bor\/kontakt\/","title":{"rendered":"Kontakt"},"content":{"rendered":"<div id=\"dslc-theme-content\"><div id=\"dslc-theme-content-inner\"><h1 style=\"text-align: center;\">Borovi Crnkovi\u0107<\/h1>\n<p style=\"text-align: center;\">Kontaktirati nas mo\u017eete putem e-maila<\/p>\n<p style=\"text-align: center;\">borovi@crnkovic.com.hr<a href=\"http:\/\/www.crnkovic.com.hr\/bor\/prodaja-bozicnih-drvaca\"><br \/>\n<\/a><\/p>\n<p style=\"text-align: center;\"><strong>Posjetiti nas mo\u017eete na na\u0161im <a title=\"prodaja borova\" href=\"http:\/\/www.crnkovic.com.hr\/bor\/prodaja-borova\/\">prodajnim lokacijama<\/a> u Zagrebu <\/strong><\/p>\n<h3 style=\"text-align: center;\"><strong><span style=\"color: #ff0000;\">18.12.-24.12.<\/span><\/strong><\/h3>\n<p><strong>Svake godine u ranijem periodu do 8.12. primamo online narud\u017ebe za bo\u017ei\u0107na drvca s dostavom na podru\u010dju Zagreba. Prijavite se na na\u0161u kontakt listu i obavijestit \u0107emo Vas na vrijeme kad krenemo s rezervacijama Bo\u017ei\u0107nih drvaca.<\/strong><\/p>\n<div class=\"wpforms-container wpforms-container-full\" id=\"wpforms-1259\"><form id=\"wpforms-form-1259\" class=\"wpforms-validate wpforms-form wpforms-ajax-form\" data-formid=\"1259\" method=\"post\" enctype=\"multipart\/form-data\" action=\"\/bor\/wp-json\/wp\/v2\/pages\/27\" data-token=\"cc1141471a560f22115f4df4a902ecff\" data-token-time=\"1777616765\"><noscript class=\"wpforms-error-noscript\">Please enable JavaScript in your browser to complete this form.<\/noscript><div class=\"wpforms-field-container\"><div id=\"wpforms-1259-field_1-container\" class=\"wpforms-field wpforms-field-name\" data-field-id=\"1\"><label class=\"wpforms-field-label\" for=\"wpforms-1259-field_1\">Va\u0161e ime <span class=\"wpforms-required-label\">*<\/span><\/label><input type=\"text\" id=\"wpforms-1259-field_1\" class=\"wpforms-field-medium wpforms-field-required\" name=\"wpforms[fields][1]\" required><\/div><div id=\"wpforms-1259-field_2-container\" class=\"wpforms-field wpforms-field-email\" data-field-id=\"2\"><label class=\"wpforms-field-label\" for=\"wpforms-1259-field_2\">Va\u0161 email <span class=\"wpforms-required-label\">*<\/span><\/label><input type=\"email\" id=\"wpforms-1259-field_2\" class=\"wpforms-field-medium wpforms-field-required\" name=\"wpforms[fields][2]\" spellcheck=\"false\" required><\/div><\/div><!-- .wpforms-field-container --><div class=\"wpforms-submit-container\" ><input type=\"hidden\" name=\"wpforms[id]\" value=\"1259\"><input type=\"hidden\" name=\"page_title\" value=\"\"><input type=\"hidden\" name=\"page_url\" value=\"http:\/\/www.crnkovic.com.hr\/bor\/wp-json\/wp\/v2\/pages\/27\"><button type=\"submit\" name=\"wpforms[submit]\" id=\"wpforms-submit-1259\" class=\"wpforms-submit\" data-alt-text=\"Sending...\" data-submit-text=\"Submit\" aria-live=\"assertive\" value=\"wpforms-submit\">Submit<\/button><img loading=\"lazy\" decoding=\"async\" src=\"http:\/\/www.crnkovic.com.hr\/bor\/wp-content\/plugins\/wpforms-lite\/assets\/images\/submit-spin.svg\" class=\"wpforms-submit-spinner\" style=\"display: none;\" width=\"26\" height=\"26\" alt=\"Loading\"><\/div><\/form><\/div>  <!-- .wpforms-container -->\n<p style=\"text-align: center;\"><iframe loading=\"lazy\" src=\"https:\/\/www.google.com\/maps\/d\/embed?mid=zA28B91TTsNs.kF163K7uPnAw\" width=\"640\" height=\"480\"><\/iframe><\/p>\n<p style=\"text-align: center;\">\u00a0 \u00a0 \u00a0<a title=\"Facebook\" href=\"https:\/\/www.facebook.com\/bozicnadrvcazagreb\">FACEBOOK<\/a><\/p>\n<p>Na\u0161i vjerni kupci upoznati su s na\u0161im lokacijama, jer ve\u0107 godinama poslujemo na istim adresama. <a href=\"https:\/\/www.crnkovic.com.hr\/bor\/prodaja-borova\/\">Prodaja Borova<\/a>\u00a0na na\u0161im \u0161tandovima vr\u0161i se svake godine u periodu;\u00a0<strong>18.-24- prosinac od 10h do 20h svakog dana.<\/strong><\/p>\n<p>Svake godine u ranijem periodu 1.10.-8.12. primamo online narud\u017ebe za bo\u017ei\u0107na drvca s dostavom na podru\u010dju Zagreba.<\/p>\n<p>Prijavite se na na\u0161u listu korisnika i javiti \u0107emo Vam na vrijeme kada kre\u0107u pripreme i narud\u017ebe za Bo\u017ei\u0107na drvca. Budite prvi koji \u0107e mo\u0107i naru\u010diti na\u0161a selektirana drvca uz mogu\u0107nost besplatne dostave i ostalih pogodnosti\u00a0 za na\u0161e stalne i vjerne kupce.<\/p>\n<div class=\"wpforms-container wpforms-container-full\" id=\"wpforms-1259\"><form id=\"wpforms-form-1259\" class=\"wpforms-validate wpforms-form wpforms-ajax-form\" data-formid=\"1259\" method=\"post\" enctype=\"multipart\/form-data\" action=\"\/bor\/wp-json\/wp\/v2\/pages\/27\" data-token=\"cc1141471a560f22115f4df4a902ecff\" data-token-time=\"1777616765\"><noscript class=\"wpforms-error-noscript\">Please enable JavaScript in your browser to complete this form.<\/noscript><div class=\"wpforms-field-container\"><div id=\"wpforms-1259-field_1-container\" class=\"wpforms-field wpforms-field-name\" data-field-id=\"1\"><label class=\"wpforms-field-label\" for=\"wpforms-1259-field_1\">Va\u0161e ime <span class=\"wpforms-required-label\">*<\/span><\/label><input type=\"text\" id=\"wpforms-1259-field_1\" class=\"wpforms-field-medium wpforms-field-required\" name=\"wpforms[fields][1]\" required><\/div><div id=\"wpforms-1259-field_2-container\" class=\"wpforms-field wpforms-field-email\" data-field-id=\"2\"><label class=\"wpforms-field-label\" for=\"wpforms-1259-field_2\">Va\u0161 email <span class=\"wpforms-required-label\">*<\/span><\/label><input type=\"email\" id=\"wpforms-1259-field_2\" class=\"wpforms-field-medium wpforms-field-required\" name=\"wpforms[fields][2]\" spellcheck=\"false\" required><\/div><\/div><!-- .wpforms-field-container --><div class=\"wpforms-submit-container\" ><input type=\"hidden\" name=\"wpforms[id]\" value=\"1259\"><input type=\"hidden\" name=\"page_title\" value=\"\"><input type=\"hidden\" name=\"page_url\" value=\"http:\/\/www.crnkovic.com.hr\/bor\/wp-json\/wp\/v2\/pages\/27\"><button type=\"submit\" name=\"wpforms[submit]\" id=\"wpforms-submit-1259\" class=\"wpforms-submit\" data-alt-text=\"Sending...\" data-submit-text=\"Submit\" aria-live=\"assertive\" value=\"wpforms-submit\">Submit<\/button><img loading=\"lazy\" decoding=\"async\" src=\"http:\/\/www.crnkovic.com.hr\/bor\/wp-content\/plugins\/wpforms-lite\/assets\/images\/submit-spin.svg\" class=\"wpforms-submit-spinner\" style=\"display: none;\" width=\"26\" height=\"26\" alt=\"Loading\"><\/div><\/form><\/div>  <!-- .wpforms-container -->\n<\/div><\/div>","protected":false},"excerpt":{"rendered":"<p>Borovi Crnkovi\u0107 Kontaktirati nas mo\u017eete putem e-maila borovi@crnkovic.com.hr Posjetiti nas mo\u017eete na na\u0161im prodajnim lokacijama u Zagrebu 18.12.-24.12. Svake godine u ranijem periodu do 8.12. primamo online narud\u017ebe za bo\u017ei\u0107na drvca s dostavom na podru\u010dju Zagreba. Prijavite se na na\u0161u kontakt listu i obavijestit \u0107emo Vas na vrijeme kad krenemo s rezervacijama Bo\u017ei\u0107nih drvaca. \u00a0 [&hellip;]<\/p>\n","protected":false},"author":1,"featured_media":0,"parent":0,"menu_order":0,"comment_status":"closed","ping_status":"closed","template":"","meta":{"footnotes":""},"class_list":["post-27","page","type-page","status-publish","hentry"],"_links":{"self":[{"href":"http:\/\/www.crnkovic.com.hr\/bor\/wp-json\/wp\/v2\/pages\/27"}],"collection":[{"href":"http:\/\/www.crnkovic.com.hr\/bor\/wp-json\/wp\/v2\/pages"}],"about":[{"href":"http:\/\/www.crnkovic.com.hr\/bor\/wp-json\/wp\/v2\/types\/page"}],"author":[{"embeddable":true,"href":"http:\/\/www.crnkovic.com.hr\/bor\/wp-json\/wp\/v2\/users\/1"}],"replies":[{"embeddable":true,"href":"http:\/\/www.crnkovic.com.hr\/bor\/wp-json\/wp\/v2\/comments?post=27"}],"version-history":[{"count":59,"href":"http:\/\/www.crnkovic.com.hr\/bor\/wp-json\/wp\/v2\/pages\/27\/revisions"}],"predecessor-version":[{"id":1431,"href":"http:\/\/www.crnkovic.com.hr\/bor\/wp-json\/wp\/v2\/pages\/27\/revisions\/1431"}],"wp:attachment":[{"href":"http:\/\/www.crnkovic.com.hr\/bor\/wp-json\/wp\/v2\/media?parent=27"}],"curies":[{"name":"wp","href":"https:\/\/api.w.org\/{rel}","templated":true}]}}