{"id":29,"date":"2012-11-08T17:45:00","date_gmt":"2012-11-08T17:45:00","guid":{"rendered":"http:\/\/www.crnkovic.com.hr\/bor\/?page_id=29"},"modified":"2025-10-07T19:06:09","modified_gmt":"2025-10-07T19:06:09","slug":"jela-abies-nordmanniana","status":"publish","type":"page","link":"http:\/\/www.crnkovic.com.hr\/bor\/jela-abies-nordmanniana\/","title":{"rendered":"nordijske jele"},"content":{"rendered":"<div id=\"dslc-theme-content\"><div id=\"dslc-theme-content-inner\"><h3 style=\"text-align: justify;\"><img loading=\"lazy\" decoding=\"async\" class=\"alignleft size-full wp-image-359\" src=\"http:\/\/www.crnkovic.com.hr\/bor\/wp-content\/uploads\/2012\/11\/bozicna-jelka.jpg\" alt=\"bozi\u0107na jelka\" width=\"300\" height=\"411\" srcset=\"http:\/\/www.crnkovic.com.hr\/bor\/wp-content\/uploads\/2012\/11\/bozicna-jelka.jpg 300w, http:\/\/www.crnkovic.com.hr\/bor\/wp-content\/uploads\/2012\/11\/bozicna-jelka-218x300.jpg 218w\" sizes=\"(max-width: 300px) 100vw, 300px\" \/>Po mi\u0161ljenjima kupaca jele ili jelke kako ih jo\u0161 neki nazivaju definitivno su najljep\u0161i izbor. Prvenstveno je za to zaslu\u017ena nje\u017enost iglica koje ne bodu za razliku od drugih drvaca. Jela je poznata i po tome da zadr\u017eava iglice, no svakako treba obratiti pozornost na grijane prostore te je po\u017eeljno smanjiti grijanje i provjetravati prostor kako bi drvce \u0161to dulje ostalo svje\u017ee.\u00a0 Kao i kod drugih bo\u017ei\u0107nih drvaca i kod jele ima nekoliko raznih tipova, tako da treba obratiti pozornost na kvalitetu, boju, duljinu iglica i gusto\u0107u kro\u0161nje drvca ovisno o vlastitom ukusu.<\/h3>\n<h2>U prodaji imamo isklju\u010divo odrezana drvca<\/h2>\n<p><strong>Nordmann jela (Rezana drvca)<br \/>\n<\/strong><\/p>\n<p><a href=\"https:\/\/borovicrnkovic.com.hr\/proizvod\/nordijska-jela\/\"><img loading=\"lazy\" decoding=\"async\" class=\"aligncenter wp-image-1466 size-full\" src=\"http:\/\/www.crnkovic.com.hr\/bor\/wp-content\/uploads\/2025\/10\/borovi-prodaja.png\" alt=\"\" width=\"300\" height=\"300\" srcset=\"http:\/\/www.crnkovic.com.hr\/bor\/wp-content\/uploads\/2025\/10\/borovi-prodaja.png 300w, http:\/\/www.crnkovic.com.hr\/bor\/wp-content\/uploads\/2025\/10\/borovi-prodaja-150x150.png 150w\" sizes=\"(max-width: 300px) 100vw, 300px\" \/><\/a><\/p>\n<p>Zanimljivo je da ovo Bo\u017ei\u0107no drvce ima vi\u0161e naziva i ljudi ga svakako nazivaju. Pri\u010da ide ovako Kavkaska jela dobila je naziv po podneblju s kojeg dolazi iz Kavkaza, a nosi i ime po finskom zoologu Nordmannu. Pravo ime bilo bi na latinskom Abies Nordmanniana &#8211; Kavkaska jela ili Nordmann jela, no \u010desto ljudi ka\u017eu i nordijska jelka, a jako \u010desto se povezuje i porijeklo biljke s nordijskim zemljama. \u010cinjenica da u Danskoj i Norve\u0161koj uzgajaju najljep\u0161e primjerke ovog drvca i da Danska izvozi najvi\u0161e ovakvih bo\u017ei\u0107nih drvaca pridonjela je tome da neki kupci tra\u017ee i Dansku ili Norve\u0161ku jelu. Bez obzira kako nazivali ovo drvce lako \u0107ete prepoznati u odnosu na ostala, jer iglice ovog bo\u017ei\u0107nog drvca ne pikaju, mekane su, dulje su, sjajne i ne ispadaju jako dugo.<\/p>\n<p><strong>Svake godine u ranijem periodu do 8.12. primamo online narud\u017ebe za bo\u017ei\u0107na drvca s dostavom na podru\u010dju Zagreba. Prijavite se na na\u0161u kontakt listu i obavijestit \u0107emo Vas na vrijeme kad krenemo s rezervacijama Bo\u017ei\u0107nih drvaca.<\/strong><\/p>\n<div class=\"wpforms-container wpforms-container-full\" id=\"wpforms-1259\"><form id=\"wpforms-form-1259\" class=\"wpforms-validate wpforms-form wpforms-ajax-form\" data-formid=\"1259\" method=\"post\" enctype=\"multipart\/form-data\" action=\"\/bor\/wp-json\/wp\/v2\/pages\/29\" data-token=\"e932cf7a79f178ce9b8e566e45e9d86e\" data-token-time=\"1775288234\"><noscript class=\"wpforms-error-noscript\">Please enable JavaScript in your browser to complete this form.<\/noscript><div class=\"wpforms-field-container\"><div id=\"wpforms-1259-field_1-container\" class=\"wpforms-field wpforms-field-name\" data-field-id=\"1\"><label class=\"wpforms-field-label\" for=\"wpforms-1259-field_1\">Va\u0161e ime <span class=\"wpforms-required-label\">*<\/span><\/label><input type=\"text\" id=\"wpforms-1259-field_1\" class=\"wpforms-field-medium wpforms-field-required\" name=\"wpforms[fields][1]\" required><\/div><div id=\"wpforms-1259-field_2-container\" class=\"wpforms-field wpforms-field-email\" data-field-id=\"2\"><label class=\"wpforms-field-label\" for=\"wpforms-1259-field_2\">Va\u0161 email <span class=\"wpforms-required-label\">*<\/span><\/label><input type=\"email\" id=\"wpforms-1259-field_2\" class=\"wpforms-field-medium wpforms-field-required\" name=\"wpforms[fields][2]\" spellcheck=\"false\" required><\/div><\/div><!-- .wpforms-field-container --><div class=\"wpforms-submit-container\" ><input type=\"hidden\" name=\"wpforms[id]\" value=\"1259\"><input type=\"hidden\" name=\"page_title\" value=\"\"><input type=\"hidden\" name=\"page_url\" value=\"http:\/\/www.crnkovic.com.hr\/bor\/wp-json\/wp\/v2\/pages\/29\"><button type=\"submit\" name=\"wpforms[submit]\" id=\"wpforms-submit-1259\" class=\"wpforms-submit\" data-alt-text=\"Sending...\" data-submit-text=\"Submit\" aria-live=\"assertive\" value=\"wpforms-submit\">Submit<\/button><img loading=\"lazy\" decoding=\"async\" src=\"http:\/\/www.crnkovic.com.hr\/bor\/wp-content\/plugins\/wpforms-lite\/assets\/images\/submit-spin.svg\" class=\"wpforms-submit-spinner\" style=\"display: none;\" width=\"26\" height=\"26\" alt=\"Loading\"><\/div><\/form><\/div>  <!-- .wpforms-container -->\n<\/div><\/div>","protected":false},"excerpt":{"rendered":"<p>Po mi\u0161ljenjima kupaca jele ili jelke kako ih jo\u0161 neki nazivaju definitivno su najljep\u0161i izbor. Prvenstveno je za to zaslu\u017ena nje\u017enost iglica koje ne bodu za razliku od drugih drvaca. Jela je poznata i po tome da zadr\u017eava iglice, no svakako treba obratiti pozornost na grijane prostore te je po\u017eeljno smanjiti grijanje i provjetravati prostor [&hellip;]<\/p>\n","protected":false},"author":1,"featured_media":0,"parent":0,"menu_order":0,"comment_status":"closed","ping_status":"closed","template":"","meta":{"footnotes":""},"class_list":["post-29","page","type-page","status-publish","hentry"],"_links":{"self":[{"href":"http:\/\/www.crnkovic.com.hr\/bor\/wp-json\/wp\/v2\/pages\/29"}],"collection":[{"href":"http:\/\/www.crnkovic.com.hr\/bor\/wp-json\/wp\/v2\/pages"}],"about":[{"href":"http:\/\/www.crnkovic.com.hr\/bor\/wp-json\/wp\/v2\/types\/page"}],"author":[{"embeddable":true,"href":"http:\/\/www.crnkovic.com.hr\/bor\/wp-json\/wp\/v2\/users\/1"}],"replies":[{"embeddable":true,"href":"http:\/\/www.crnkovic.com.hr\/bor\/wp-json\/wp\/v2\/comments?post=29"}],"version-history":[{"count":95,"href":"http:\/\/www.crnkovic.com.hr\/bor\/wp-json\/wp\/v2\/pages\/29\/revisions"}],"predecessor-version":[{"id":1472,"href":"http:\/\/www.crnkovic.com.hr\/bor\/wp-json\/wp\/v2\/pages\/29\/revisions\/1472"}],"wp:attachment":[{"href":"http:\/\/www.crnkovic.com.hr\/bor\/wp-json\/wp\/v2\/media?parent=29"}],"curies":[{"name":"wp","href":"https:\/\/api.w.org\/{rel}","templated":true}]}}