{"id":33,"date":"2012-11-08T17:58:32","date_gmt":"2012-11-08T17:58:32","guid":{"rendered":"http:\/\/www.crnkovic.com.hr\/bor\/?page_id=33"},"modified":"2025-10-07T18:54:08","modified_gmt":"2025-10-07T18:54:08","slug":"srebrna-smreka-picea-engelmanni","status":"publish","type":"page","link":"http:\/\/www.crnkovic.com.hr\/bor\/srebrna-smreka-picea-engelmanni\/","title":{"rendered":"Srebrna smreka"},"content":{"rendered":"<div id=\"dslc-theme-content\"><div id=\"dslc-theme-content-inner\"><h3><img loading=\"lazy\" decoding=\"async\" class=\"alignleft wp-image-802 size-full\" src=\"http:\/\/www.crnkovic.com.hr\/bor\/wp-content\/uploads\/2018\/11\/silver.jpg\" alt=\"\" width=\"450\" height=\"600\" srcset=\"http:\/\/www.crnkovic.com.hr\/bor\/wp-content\/uploads\/2018\/11\/silver.jpg 450w, http:\/\/www.crnkovic.com.hr\/bor\/wp-content\/uploads\/2018\/11\/silver-225x300.jpg 225w\" sizes=\"(max-width: 450px) 100vw, 450px\" \/><\/h3>\n<h3><\/h3>\n<h3>Silber ili silver kako jo\u0161 nazivaju ovo drvce ve\u0107 dovoljno govori o ovoj crnogorici. Zbog svoje boje \u010desti su izbor, postoji vi\u0161e vrsta i varijacija srebrne smreke pa je ovisno o tipu drveta boja iglica ja\u010de ili slabije srebrna. Radi visoke dekorativne vrijednosti, srebrna smreka naj\u010de\u0161\u0107e se prodaje sa korijenom kako bi se mogla kasnije posaditi u vrtu oku\u0107nice.<br \/>\nU prodaji su drvca od 150-200 cm visine.<\/h3>\n<p><a href=\"https:\/\/borovicrnkovic.com.hr\/proizvod\/srebrna-smreka\/\"><img loading=\"lazy\" decoding=\"async\" class=\"aligncenter wp-image-1466 size-full\" src=\"http:\/\/www.crnkovic.com.hr\/bor\/wp-content\/uploads\/2025\/10\/borovi-prodaja.png\" alt=\"\" width=\"300\" height=\"300\" srcset=\"http:\/\/www.crnkovic.com.hr\/bor\/wp-content\/uploads\/2025\/10\/borovi-prodaja.png 300w, http:\/\/www.crnkovic.com.hr\/bor\/wp-content\/uploads\/2025\/10\/borovi-prodaja-150x150.png 150w\" sizes=\"(max-width: 300px) 100vw, 300px\" \/><\/a><\/p>\n<p>&nbsp;<\/p>\n<p><a href=\"http:\/\/www.crnkovic.com.hr\/bor\/wp-content\/uploads\/2019\/11\/bozicnadrvca-crnkovic.jpg\"><img loading=\"lazy\" decoding=\"async\" class=\"aligncenter wp-image-912\" src=\"http:\/\/www.crnkovic.com.hr\/bor\/wp-content\/uploads\/2019\/11\/bozicnadrvca-crnkovic.jpg\" alt=\"\" width=\"800\" height=\"450\" srcset=\"http:\/\/www.crnkovic.com.hr\/bor\/wp-content\/uploads\/2019\/11\/bozicnadrvca-crnkovic.jpg 1920w, http:\/\/www.crnkovic.com.hr\/bor\/wp-content\/uploads\/2019\/11\/bozicnadrvca-crnkovic-300x169.jpg 300w, http:\/\/www.crnkovic.com.hr\/bor\/wp-content\/uploads\/2019\/11\/bozicnadrvca-crnkovic-768x432.jpg 768w, http:\/\/www.crnkovic.com.hr\/bor\/wp-content\/uploads\/2019\/11\/bozicnadrvca-crnkovic-1024x576.jpg 1024w\" sizes=\"(max-width: 800px) 100vw, 800px\" \/><\/a><\/p>\n<p><a href=\"https:\/\/borovicrnkovic.com.hr\/prodaja-borova\/\">Prodaja Borova<\/a>\u00a0na na\u0161im \u0161tandovima vr\u0161i se svake godine u periodu;<br \/>\n<strong>18.-24. Prosinac od 10h do 20h svakog dana.<\/strong><\/p>\n<p>&nbsp;<\/p>\n<p>&nbsp;<\/p>\n<\/div><\/div>","protected":false},"excerpt":{"rendered":"<p>Silber ili silver kako jo\u0161 nazivaju ovo drvce ve\u0107 dovoljno govori o ovoj crnogorici. Zbog svoje boje \u010desti su izbor, postoji vi\u0161e vrsta i varijacija srebrne smreke pa je ovisno o tipu drveta boja iglica ja\u010de ili slabije srebrna. Radi visoke dekorativne vrijednosti, srebrna smreka naj\u010de\u0161\u0107e se prodaje sa korijenom kako bi se mogla kasnije [&hellip;]<\/p>\n","protected":false},"author":1,"featured_media":0,"parent":0,"menu_order":0,"comment_status":"closed","ping_status":"closed","template":"","meta":{"footnotes":""},"class_list":["post-33","page","type-page","status-publish","hentry"],"_links":{"self":[{"href":"http:\/\/www.crnkovic.com.hr\/bor\/wp-json\/wp\/v2\/pages\/33"}],"collection":[{"href":"http:\/\/www.crnkovic.com.hr\/bor\/wp-json\/wp\/v2\/pages"}],"about":[{"href":"http:\/\/www.crnkovic.com.hr\/bor\/wp-json\/wp\/v2\/types\/page"}],"author":[{"embeddable":true,"href":"http:\/\/www.crnkovic.com.hr\/bor\/wp-json\/wp\/v2\/users\/1"}],"replies":[{"embeddable":true,"href":"http:\/\/www.crnkovic.com.hr\/bor\/wp-json\/wp\/v2\/comments?post=33"}],"version-history":[{"count":82,"href":"http:\/\/www.crnkovic.com.hr\/bor\/wp-json\/wp\/v2\/pages\/33\/revisions"}],"predecessor-version":[{"id":1467,"href":"http:\/\/www.crnkovic.com.hr\/bor\/wp-json\/wp\/v2\/pages\/33\/revisions\/1467"}],"wp:attachment":[{"href":"http:\/\/www.crnkovic.com.hr\/bor\/wp-json\/wp\/v2\/media?parent=33"}],"curies":[{"name":"wp","href":"https:\/\/api.w.org\/{rel}","templated":true}]}}