{"id":35,"date":"2012-11-08T17:59:24","date_gmt":"2012-11-08T17:59:24","guid":{"rendered":"http:\/\/www.crnkovic.com.hr\/bor\/?page_id=35"},"modified":"2024-11-17T13:48:29","modified_gmt":"2024-11-17T13:48:29","slug":"panciceva-omorika","status":"publish","type":"page","link":"http:\/\/www.crnkovic.com.hr\/bor\/panciceva-omorika\/","title":{"rendered":"Pan\u010di\u0107eva omorika"},"content":{"rendered":"<div id=\"dslc-theme-content\"><div id=\"dslc-theme-content-inner\"><h3 style=\"text-align: justify;\"><img loading=\"lazy\" decoding=\"async\" class=\"alignleft wp-image-799 size-full\" src=\"http:\/\/www.crnkovic.com.hr\/bor\/wp-content\/uploads\/2018\/11\/omorika.jpg\" alt=\"\" width=\"351\" height=\"600\" srcset=\"http:\/\/www.crnkovic.com.hr\/bor\/wp-content\/uploads\/2018\/11\/omorika.jpg 351w, http:\/\/www.crnkovic.com.hr\/bor\/wp-content\/uploads\/2018\/11\/omorika-176x300.jpg 176w\" sizes=\"(max-width: 351px) 100vw, 351px\" \/>Endemska vrsta s na\u0161eg podneblja, koja ina\u010de nije toliko zastupljena u uzgoju bo\u017ei\u0107nih drvaca jer raste ne\u0161to du\u017ee nego ostala bo\u017ei\u0107na drvca te zahtjeva dodatnu njegu tjekom uzgoja. Omorika je definitivno najljep\u0161e bo\u017ei\u0107no drvce, pravilnog sto\u017eastog oblika znatno je u\u017ea u rasponu grana od ostalih drvaca, a boja iglica je od srebrnkasto bijele pa sve do tamno zelene.<\/h3>\n<p>&nbsp;<\/p>\n<p>&nbsp;<\/p>\n<p>&nbsp;<\/p>\n<h2 style=\"text-align: center;\"><\/h2>\n<p><span style=\"color: #ff0000;\"><strong>RASPRODANO 2024<\/strong><\/span><\/p>\n<p><strong>Svake godine u ranijem periodu do 8.12. primamo online narud\u017ebe za bo\u017ei\u0107na drvca s dostavom na podru\u010dju Zagreba. Prijavite se na na\u0161u kontakt listu i obavijestit \u0107emo Vas na vrijeme kad krenemo s rezervacijama Bo\u017ei\u0107nih drvaca.<\/strong><\/p>\n<div class=\"wpforms-container wpforms-container-full\" id=\"wpforms-1259\"><form id=\"wpforms-form-1259\" class=\"wpforms-validate wpforms-form wpforms-ajax-form\" data-formid=\"1259\" method=\"post\" enctype=\"multipart\/form-data\" action=\"\/bor\/wp-json\/wp\/v2\/pages\/35\" data-token=\"e932cf7a79f178ce9b8e566e45e9d86e\" data-token-time=\"1775288235\"><noscript class=\"wpforms-error-noscript\">Please enable JavaScript in your browser to complete this form.<\/noscript><div class=\"wpforms-field-container\"><div id=\"wpforms-1259-field_1-container\" class=\"wpforms-field wpforms-field-name\" data-field-id=\"1\"><label class=\"wpforms-field-label\" for=\"wpforms-1259-field_1\">Va\u0161e ime <span class=\"wpforms-required-label\">*<\/span><\/label><input type=\"text\" id=\"wpforms-1259-field_1\" class=\"wpforms-field-medium wpforms-field-required\" name=\"wpforms[fields][1]\" required><\/div><div id=\"wpforms-1259-field_2-container\" class=\"wpforms-field wpforms-field-email\" data-field-id=\"2\"><label class=\"wpforms-field-label\" for=\"wpforms-1259-field_2\">Va\u0161 email <span class=\"wpforms-required-label\">*<\/span><\/label><input type=\"email\" id=\"wpforms-1259-field_2\" class=\"wpforms-field-medium wpforms-field-required\" name=\"wpforms[fields][2]\" spellcheck=\"false\" required><\/div><\/div><!-- .wpforms-field-container --><div class=\"wpforms-submit-container\" ><input type=\"hidden\" name=\"wpforms[id]\" value=\"1259\"><input type=\"hidden\" name=\"page_title\" value=\"\"><input type=\"hidden\" name=\"page_url\" value=\"http:\/\/www.crnkovic.com.hr\/bor\/wp-json\/wp\/v2\/pages\/35\"><button type=\"submit\" name=\"wpforms[submit]\" id=\"wpforms-submit-1259\" class=\"wpforms-submit\" data-alt-text=\"Sending...\" data-submit-text=\"Submit\" aria-live=\"assertive\" value=\"wpforms-submit\">Submit<\/button><img loading=\"lazy\" decoding=\"async\" src=\"http:\/\/www.crnkovic.com.hr\/bor\/wp-content\/plugins\/wpforms-lite\/assets\/images\/submit-spin.svg\" class=\"wpforms-submit-spinner\" style=\"display: none;\" width=\"26\" height=\"26\" alt=\"Loading\"><\/div><\/form><\/div>  <!-- .wpforms-container -->\n<\/div><\/div>","protected":false},"excerpt":{"rendered":"<p>Endemska vrsta s na\u0161eg podneblja, koja ina\u010de nije toliko zastupljena u uzgoju bo\u017ei\u0107nih drvaca jer raste ne\u0161to du\u017ee nego ostala bo\u017ei\u0107na drvca te zahtjeva dodatnu njegu tjekom uzgoja. Omorika je definitivno najljep\u0161e bo\u017ei\u0107no drvce, pravilnog sto\u017eastog oblika znatno je u\u017ea u rasponu grana od ostalih drvaca, a boja iglica je od srebrnkasto bijele pa sve [&hellip;]<\/p>\n","protected":false},"author":1,"featured_media":0,"parent":0,"menu_order":0,"comment_status":"closed","ping_status":"closed","template":"","meta":{"footnotes":""},"class_list":["post-35","page","type-page","status-publish","hentry"],"_links":{"self":[{"href":"http:\/\/www.crnkovic.com.hr\/bor\/wp-json\/wp\/v2\/pages\/35"}],"collection":[{"href":"http:\/\/www.crnkovic.com.hr\/bor\/wp-json\/wp\/v2\/pages"}],"about":[{"href":"http:\/\/www.crnkovic.com.hr\/bor\/wp-json\/wp\/v2\/types\/page"}],"author":[{"embeddable":true,"href":"http:\/\/www.crnkovic.com.hr\/bor\/wp-json\/wp\/v2\/users\/1"}],"replies":[{"embeddable":true,"href":"http:\/\/www.crnkovic.com.hr\/bor\/wp-json\/wp\/v2\/comments?post=35"}],"version-history":[{"count":55,"href":"http:\/\/www.crnkovic.com.hr\/bor\/wp-json\/wp\/v2\/pages\/35\/revisions"}],"predecessor-version":[{"id":1439,"href":"http:\/\/www.crnkovic.com.hr\/bor\/wp-json\/wp\/v2\/pages\/35\/revisions\/1439"}],"wp:attachment":[{"href":"http:\/\/www.crnkovic.com.hr\/bor\/wp-json\/wp\/v2\/media?parent=35"}],"curies":[{"name":"wp","href":"https:\/\/api.w.org\/{rel}","templated":true}]}}