{"id":39,"date":"2012-11-08T18:08:41","date_gmt":"2012-11-08T18:08:41","guid":{"rendered":"http:\/\/www.crnkovic.com.hr\/bor\/?page_id=39"},"modified":"2025-10-08T08:41:08","modified_gmt":"2025-10-08T08:41:08","slug":"bozicna-drvca","status":"publish","type":"page","link":"https:\/\/www.crnkovic.com.hr\/bor\/","title":{"rendered":"Bo\u017ei\u0107na drvca | Borovi Crnkovi\u0107"},"content":{"rendered":"<div id=\"dslc-content\" class=\"dslc-content dslc-clearfix\"><div id=\"dslc-main\">\n\t\t<div  class=\"dslc-modules-section  dslc-full  dslc-no-columns-spacing \" style=\"padding-bottom:0px;padding-top:0px;\" data-section-id=\"0f0d0196e83\">\n\t\t\t\t\n\t\t\t\t\n\t\t\t\t<div class=\"dslc-modules-section-wrapper dslc-clearfix\"><div class=\"dslc-modules-area dslc-col dslc-3-col dslc-first-col dslc-valign- \" data-size=\"3\" data-valign=\"\">\n\t\t<div id=\"dslc-module-01c903e3061\" class=\"dslc-module-front dslc-module-DSLC_Text_Simple dslc-in-viewport-check dslc-in-viewport-anim-none  dslc-col dslc-12-col dslc-last-col  dslc-module-handle-like-regular \" data-module-id=\"01c903e3061\" data-module=\"DSLC_Text_Simple\" data-dslc-module-size=\"12\" data-dslc-anim=\"none\" data-dslc-anim-delay=\"\" data-dslc-anim-duration=\"650\"  data-dslc-anim-easing=\"ease\" data-dslc-preset=\"none\" >\n\n\t\t\t\n\t\t\t\n\t\t\n\t\t<div class=\"dslc-text-module-content\">\n\t\t\t<p><a href=\"http:\/\/www.crnkovic.com.hr\/bor\/smreka-picea-abies\/\"><img class=\"alignnone wp-image-1123 size-full\" src=\"http:\/\/www.crnkovic.com.hr\/bor\/wp-content\/uploads\/2021\/10\/smreka-obicna.jpg\" alt=\"\" width=\"555\" height=\"555\"><\/a><\/p>\t\t<\/div>\n\n\t\t\n\t\t\t\t<\/div><!-- .dslc-module -->\n\t\t<\/div><div class=\"dslc-modules-area dslc-col dslc-3-col  dslc-valign- \" data-size=\"3\" data-valign=\"\">\n\t\t<div id=\"dslc-module-9c5b717c558\" class=\"dslc-module-front dslc-module-DSLC_Text_Simple dslc-in-viewport-check dslc-in-viewport-anim-none  dslc-col dslc-12-col dslc-last-col  dslc-module-handle-like-regular \" data-module-id=\"9c5b717c558\" data-module=\"DSLC_Text_Simple\" data-dslc-module-size=\"12\" data-dslc-anim=\"none\" data-dslc-anim-delay=\"\" data-dslc-anim-duration=\"650\"  data-dslc-anim-easing=\"ease\" data-dslc-preset=\"none\" >\n\n\t\t\t\n\t\t\t\n\t\t\n\t\t<div class=\"dslc-text-module-content\">\n\t\t\t<p><a href=\"http:\/\/www.crnkovic.com.hr\/bor\/srebrna-smreka-picea-engelmanni\/\"><img class=\"alignnone wp-image-1122 size-full\" src=\"http:\/\/www.crnkovic.com.hr\/bor\/wp-content\/uploads\/2021\/10\/silver-bor.jpg\" alt=\"\" width=\"555\" height=\"555\"><\/a><\/p>\t\t<\/div>\n\n\t\t\n\t\t\t\t<\/div><!-- .dslc-module -->\n\t\t<\/div><div class=\"dslc-modules-area dslc-col dslc-3-col  dslc-valign- \" data-size=\"3\" data-valign=\"\">\n\t\t<div id=\"dslc-module-8b4913315be\" class=\"dslc-module-front dslc-module-DSLC_Text_Simple dslc-in-viewport-check dslc-in-viewport-anim-none  dslc-col dslc-12-col dslc-last-col  dslc-module-handle-like-regular \" data-module-id=\"8b4913315be\" data-module=\"DSLC_Text_Simple\" data-dslc-module-size=\"12\" data-dslc-anim=\"none\" data-dslc-anim-delay=\"\" data-dslc-anim-duration=\"650\"  data-dslc-anim-easing=\"ease\" data-dslc-preset=\"none\" >\n\n\t\t\t\n\t\t\t\n\t\t\n\t\t<div class=\"dslc-text-module-content\">\n\t\t\t<p><a href=\"http:\/\/www.crnkovic.com.hr\/bor\/jela-abies-nordmanniana\/\"><img class=\"alignnone wp-image-1124 size-full\" src=\"http:\/\/www.crnkovic.com.hr\/bor\/wp-content\/uploads\/2021\/10\/jela-nordijska.jpg\" alt=\"Jela nordijska\" width=\"555\" height=\"555\"><\/a><\/p>\t\t<\/div>\n\n\t\t\n\t\t\t\t<\/div><!-- .dslc-module -->\n\t\t<\/div><div class=\"dslc-modules-area dslc-col dslc-3-col dslc-last-col dslc-valign- \" data-size=\"3\" data-valign=\"\">\n\t\t<div id=\"dslc-module-a7a418b0ba7\" class=\"dslc-module-front dslc-module-DSLC_Text_Simple dslc-in-viewport-check dslc-in-viewport-anim-none  dslc-col dslc-12-col dslc-last-col  dslc-module-handle-like-regular \" data-module-id=\"a7a418b0ba7\" data-module=\"DSLC_Text_Simple\" data-dslc-module-size=\"12\" data-dslc-anim=\"none\" data-dslc-anim-delay=\"\" data-dslc-anim-duration=\"650\"  data-dslc-anim-easing=\"ease\" data-dslc-preset=\"none\" >\n\n\t\t\t\n\t\t\t\n\t\t\n\t\t<div class=\"dslc-text-module-content\">\n\t\t\t<p><a href=\"http:\/\/www.crnkovic.com.hr\/bor\/panciceva-omorika\/\"><img class=\"alignnone wp-image-1125 size-full\" src=\"http:\/\/www.crnkovic.com.hr\/bor\/wp-content\/uploads\/2021\/10\/omorika.jpg\" alt=\"\" width=\"555\" height=\"555\"><\/a><\/p>\t\t<\/div>\n\n\t\t\n\t\t\t\t<\/div><!-- .dslc-module -->\n\t\t<\/div><\/div><\/div>\n\t\t<div  class=\"dslc-modules-section  dslc-full \" style=\"padding-bottom:0px;padding-top:0px;padding-left:5%;padding-right:5%;\" data-section-id=\"0f0d0196e83\">\n\t\t\t\t\n\t\t\t\t\n\t\t\t\t<div class=\"dslc-modules-section-wrapper dslc-clearfix\"><div class=\"dslc-modules-area dslc-col dslc-12-col dslc-last-col dslc-valign- \" data-size=\"12\" data-valign=\"\">\n\t\t<div id=\"dslc-module-353ee01de40\" class=\"dslc-module-front dslc-module-DSLC_TP_Content dslc-in-viewport-check dslc-in-viewport-anim-none  dslc-col dslc-12-col dslc-last-col  dslc-module-handle-like-regular \" data-module-id=\"353ee01de40\" data-module=\"DSLC_TP_Content\" data-dslc-module-size=\"12\" data-dslc-anim=\"none\" data-dslc-anim-delay=\"\" data-dslc-anim-duration=\"650\"  data-dslc-anim-easing=\"ease\" data-dslc-preset=\"none\" >\n\n\t\t\t\n\t\t\t\n\t\t<div class=\"dslc-tp-content\"><div id=\"dslc-theme-content\"><div id=\"dslc-theme-content-inner\"><p>Bo\u017ei\u0107no drvce ukra\u0161eno je drvce, obi\u010dno zimzelena \u010detinja\u010da, poput smreke ili jele, pravi <a href=\"https:\/\/borovicrnkovic.com.hr\/\">borovi<\/a> ne koriste se kao Bo\u017ei\u0107no drvce jer nemaju dekorativnu vrijednost te izgledom ne zadovoljavaju dana\u0161nje standarde i \u017eelje kupaca.<\/p>\n<p>Bo\u017ei\u0107no drvce povezano je s proslavom Bo\u017ei\u0107a podrijetlom iz sjeverne Europe i mnogobrojne obitelji u vrijeme adventa ukra\u0161avaju Bo\u017ei\u0107no drvce u vlastitom domu, na terasama ili u dvori\u0161tima.<\/p>\n<p>1990. Godine po\u010deli smo s uzgojem Bo\u017ei\u0107nih drvaca kako bi omogu\u0107ili \u0161to jednostavniju nabavu drvca svima koji \u017eele ukrasiti vlastiti dom. Prije nego je po\u010deo kultivirani uzgoj drvaca, ljudi su ih sjekli u prirodi i \u0161umama, danas se bo\u017ei\u0107na drvca uzgajaju namjenski, a na svako mjesto odsje\u010denog drvca, sljede\u0107e godine dolazi nova sadnica te tako nema \u0161tete u prirodi.<\/p>\n<p>30 godina tradicije i iskustva, bavimo se uzgojem i prodajom bo\u017ei\u0107nih drvaca, a svake godine na stotine drvaca iz na\u0161ih borovika pronalazi put do va\u0161ih domova. Samo odabrana i visokokvalitetna drvca stavljamo u prodaju prije Bo\u017ei\u0107a kako bismo osigurali lijepa i svje\u017ea bo\u017ei\u0107na drvca koja \u0107e uistinu uljep\u0161ati svaki dom i unijeti bo\u017ei\u0107ni ugo\u0111aj u Va\u0161 \u017eivotni prostor.<\/p>\n<p style=\"text-align: center;\"><iframe loading=\"lazy\" title=\"YouTube video player\" src=\"https:\/\/www.youtube.com\/embed\/xmf8Th4UfrI\" width=\"560\" height=\"315\" frameborder=\"0\" allowfullscreen=\"allowfullscreen\"><\/iframe><\/p>\n<p style=\"text-align: left;\">Na obroncima \u017dumbera\u010dkog gorja u parku prirode \u017dumberak na nadmorskim visinama od 500 do 900 metara smje\u0161tene su parcele gdje uzgajamo bo\u017ei\u0107na drvca.<\/p>\n<p style=\"text-align: left;\">Smreka, srebrna smreka, jela i omorika neke su od zastupljenijih vrsta koje uzgajamo proteklih tridesetak godina.<\/p>\n<p>Pravilnim i kontroliranim uzgojem te cjelogodi\u0161njom njegom drvaca, dobivamo prvoklasna bo\u017ei\u0107na drvca, ravnomjernog rasporeda grana i pravilnog sto\u017eastog oblika koja svake godine pronalaze put do mnogih domova.<\/p>\n<p>Bez obzira na veli\u010dinu i vrstu bo\u017ei\u0107nog drvca , svje\u017eina i kvaliteta glavna su obilje\u017eja na\u0161ih bo\u017ei\u0107nih drvaca.<\/p>\n<p>Pozivamo Vas da posjetite na\u0161e prodajne lokacije gdje mo\u017eete odabrati i kupiti bo\u017ei\u0107no drvce. <strong>Do 8.12.<\/strong> <strong>Bo\u017ei\u0107no drvce mogu\u0107e je <a href=\"https:\/\/borovicrnkovic.com.hr\/trgovina\/\">naru\u010diti online<\/a><\/strong>, a osigurana je i besplatna <a href=\"https:\/\/borovicrnkovic.com.hr\/dostava-borova\/\">dostava borova na podru\u010dju Zagreba<\/a>. Tako\u0111er mogu\u0107 je i <a href=\"https:\/\/borovicrnkovic.com.hr\/najam-bozicnog-drvca\/\">najam bo\u017ei\u0107nog drvca<\/a> ili ve\u0107ih koli\u010dina drvaca, za kra\u0107e potrebe za razna doga\u0111anja ili tijekom blagdana.<\/p>\n<p><a href=\"https:\/\/borovicrnkovic.com.hr\/trgovina\/\"><img loading=\"lazy\" decoding=\"async\" class=\"aligncenter wp-image-1466 size-full\" src=\"http:\/\/www.crnkovic.com.hr\/bor\/wp-content\/uploads\/2025\/10\/borovi-prodaja.png\" alt=\"\" width=\"300\" height=\"300\" srcset=\"http:\/\/www.crnkovic.com.hr\/bor\/wp-content\/uploads\/2025\/10\/borovi-prodaja.png 300w, http:\/\/www.crnkovic.com.hr\/bor\/wp-content\/uploads\/2025\/10\/borovi-prodaja-150x150.png 150w\" sizes=\"(max-width: 300px) 100vw, 300px\" \/><\/a><\/p>\n<p>Bo\u017ei\u0107na drvca Crnkovi\u0107 jamstvo su svje\u017eine, doma\u0107e kvalitete i pouzdanosti ve\u0107 dugi niz godina. U mnogobrojnim domovima u Zagrebu i okolici Zagreba za vrijeme Bo\u017ei\u0107a na\u0161i borovi imaju veliku ulogu u obilje\u017eavanju Bo\u017ei\u0107a. Ako ste ve\u0107 kupili bo\u017ei\u0107no drvce kod nas tada znate da su na\u0161a drvca najljep\u0161a, najsvje\u017eija i jednostavno najbolja koja mo\u017eete prona\u0107i na doma\u0107em tr\u017ei\u0161tu, ako \u0107ete tek postati na\u0161 stalni kupac vjerujemo kako \u0107ete se uvjeriti u na\u0161u kvalitetu ve\u0107 ovog Bo\u017ei\u0107a.<\/p>\n<p>Mnogi na\u0161i kupci potvrde kupnju bo\u017ei\u0107nog drvca ve\u0107 po\u010detkom prosinca i naprave svojevrsnu rezervaciju bo\u017ei\u0107nog drvca, tako znaju da \u0107emo za njih odabrati najljep\u0161e i najbolje borove jo\u0161 na parceli gdje rastu te da \u0107e ih njihovo savr\u0161eno bo\u017ei\u0107no drvce pri\u010dekati na lokaciji koja najvi\u0161e odgovara, tako\u0111er za velika bo\u017ei\u0107na drvca i bo\u017ei\u0107na drvca u teglama mogu\u0107e je dogovoriti prijevoz i dostavu.<\/p>\n<p>Nije svako bo\u017ei\u0107no drvce isto<\/p>\n<p>Ono \u0161to biste svakako trebali znati prilikom nabavke bo\u017ei\u0107nog drvca je to da ima nekoliko razli\u010ditih sorti drvaca koje mo\u017eete nabaviti u slobodnoj prodaji u vremenu prije badnjaka. Svaka vrsta lijepa je na svoj na\u010din i ovisno o tome kakvo drvce trebate i \u017eelite mo\u017eete prona\u0107i sortu koja \u0107e izgledom odgovarati va\u0161im zamislima. Ako tra\u017eite jeftina drvca najprihvatljivije cijenom je svakako drvce obi\u010dne smreke koje je ve\u0107 dugi niz godina u upotrebi kao dekorativno drvce zbog najjeftinije cijene. Uz smreku tu je i srebrna smreka koja ima ne\u0161to \u010dvr\u0161\u0107e i kru\u0107e iglice te se zbog toga i bolje dr\u017ee u toplom stanu. Osim obi\u010dne i srebrne smreke kao bo\u017ei\u0107no drvce diljem Europe upotrebljava se i Pan\u010di\u0107eva omorika koja je ne\u0161to kao mje\u0161anac izme\u0111u obi\u010dne i srebrne smreke, po mnogima ima izrazito visoku dekorativnu vrijednost zbog bogatstva boje i uskog pravilnog izgleda stabla. Najbolje od svih bo\u017ei\u0107nih drvaca po mi\u0161ljenjima kupaca proteklih godina pokazala se svakako Nordmann jela koju \u010desto pogre\u0161no nazivaju i Nordijska jela iako nema veze s tim podnebljem. Nordmann jele poznate su ponajvi\u0161e zbog dugotrajnosti iglica i cijeni, jer obi\u010dno su to i najskuplja bo\u017ei\u0107na drvca koja \u0107ete prona\u0107i na nekom prodajnom mjestu.<\/p>\n<p><a href=\"https:\/\/borovicrnkovic.com.hr\/prodaja-borova\/\">Prodaja bo\u017ei\u0107nih drvaca<\/a> zapo\u010dinje obi\u010dno 6-7 dana prije badnjaka, a tijekom prodaje po potrebi vr\u0161i se dodatna sje\u010da, tako da na\u0161im kupcima osiguramo samo najsvje\u017eija bo\u017ei\u0107na drvca koja \u0107e biti postojana desetak dana koliko \u0107e se nalaziti u ku\u0107i ili stanu. Tako\u0111er mogu\u0107e je ranije naru\u010diti drvce i osobno ga preuzeti u na\u0161em rasadniku ili na skladi\u0161tu u Novom Zagrebu.<\/p>\n<p>Cijena bo\u017ei\u0107nog drvca ovisi o nekoliko razli\u010ditih faktora od kojih su najbitniji vrsta i porijeklo bo\u017ei\u0107nog drvca. Na\u0161e cijene su prihvatljive i konkurentne ve\u0107 godinama, stoga vjerujemo kako \u0107emo i ove \u00a0godine osigurati kvalitetna, lijepa i cijenom prihvatljiva bo\u017ei\u0107na drvca u kojima \u0107e u\u017eivati brojni Zagrep\u010dani.<\/p>\n<p><a href=\"http:\/\/www.crnkovic.com.hr\/bor\/wp-content\/uploads\/2022\/12\/borovi-crnkovic-zagreb.jpg\"><img loading=\"lazy\" decoding=\"async\" class=\"aligncenter wp-image-1294 size-full\" src=\"http:\/\/www.crnkovic.com.hr\/bor\/wp-content\/uploads\/2022\/12\/borovi-crnkovic-zagreb.jpg\" alt=\"Borovi Crnkovi\u0107\" width=\"2000\" height=\"1121\" srcset=\"http:\/\/www.crnkovic.com.hr\/bor\/wp-content\/uploads\/2022\/12\/borovi-crnkovic-zagreb.jpg 2000w, http:\/\/www.crnkovic.com.hr\/bor\/wp-content\/uploads\/2022\/12\/borovi-crnkovic-zagreb-300x168.jpg 300w, http:\/\/www.crnkovic.com.hr\/bor\/wp-content\/uploads\/2022\/12\/borovi-crnkovic-zagreb-768x430.jpg 768w, http:\/\/www.crnkovic.com.hr\/bor\/wp-content\/uploads\/2022\/12\/borovi-crnkovic-zagreb-1024x574.jpg 1024w\" sizes=\"(max-width: 2000px) 100vw, 2000px\" \/><\/a><\/p>\n<p>Posjetite neku od na\u0161ih prodajnih lokacija u Zagrebu razgledajte bo\u017ei\u0107na drvca i odaberite najljep\u0161e bo\u017ei\u0107no drvce za sebe i svoju obitelj.<\/p>\n<p><strong><a href=\"http:\/\/www.crnkovic.com.hr\/bor\/prodaja-borova\/\">Prodaja bo\u017ei\u0107nih drvaca<\/a> po\u010dinje 18.12.2024 i traje do 24.12.2024<br \/>\nna svim prodajnim lokacijama u gradu.<\/strong><\/p>\n<p><a href=\"https:\/\/borovicrnkovic.com.hr\/\">Borovi Crnkovi\u0107<\/a> mogu se po potrebi osobno preuzeti i ranije na na\u0161em skladi\u0161tu u Novom Zagrebu &#8211; Lu\u010dko, isklju\u010divo po prethodnoj najavi i dogovoru.<\/p>\n<p><a href=\"https:\/\/borovicrnkovic.com.hr\/trgovina\/\"><img loading=\"lazy\" decoding=\"async\" class=\"aligncenter wp-image-1466 size-full\" src=\"http:\/\/www.crnkovic.com.hr\/bor\/wp-content\/uploads\/2025\/10\/borovi-prodaja.png\" alt=\"\" width=\"300\" height=\"300\" srcset=\"http:\/\/www.crnkovic.com.hr\/bor\/wp-content\/uploads\/2025\/10\/borovi-prodaja.png 300w, http:\/\/www.crnkovic.com.hr\/bor\/wp-content\/uploads\/2025\/10\/borovi-prodaja-150x150.png 150w\" sizes=\"(max-width: 300px) 100vw, 300px\" \/><\/a><\/p>\n<p>Na\u0161i vjerni kupci upoznati su s na\u0161im lokacijama, jer ve\u0107 godinama poslujemo na istim adresama. <a href=\"https:\/\/www.crnkovic.com.hr\/bor\/prodaja-borova\/\">Prodaja Borova<\/a>\u00a0na na\u0161im \u0161tandovima vr\u0161i se svake godine u periodu;\u00a0<strong>18.-24- prosinac od 10h do 20h svakog dana.<\/strong><\/p>\n<p>Svake godine u ranijem periodu 1.11.-8.12. primamo online narud\u017ebe za bo\u017ei\u0107na drvca s dostavom na podru\u010dju Zagreba.<\/p>\n<\/div><\/div><\/div>\n\t\t\t\t<\/div><!-- .dslc-module -->\n\t\t<\/div><\/div><\/div><\/div><\/div>","protected":false},"excerpt":{"rendered":"<p>Bo\u017ei\u0107no drvce ukra\u0161eno je drvce, obi\u010dno zimzelena \u010detinja\u010da, poput smreke ili jele, pravi borovi ne koriste se kao Bo\u017ei\u0107no drvce jer nemaju dekorativnu vrijednost te izgledom ne zadovoljavaju dana\u0161nje standarde i \u017eelje kupaca. Bo\u017ei\u0107no drvce povezano je s proslavom Bo\u017ei\u0107a podrijetlom iz sjeverne Europe i mnogobrojne obitelji u vrijeme adventa ukra\u0161avaju Bo\u017ei\u0107no drvce u vlastitom [&hellip;]<\/p>\n","protected":false},"author":1,"featured_media":0,"parent":0,"menu_order":0,"comment_status":"closed","ping_status":"closed","template":"template-home.php","meta":{"footnotes":""},"class_list":["post-39","page","type-page","status-publish","hentry"],"_links":{"self":[{"href":"https:\/\/www.crnkovic.com.hr\/bor\/wp-json\/wp\/v2\/pages\/39"}],"collection":[{"href":"https:\/\/www.crnkovic.com.hr\/bor\/wp-json\/wp\/v2\/pages"}],"about":[{"href":"https:\/\/www.crnkovic.com.hr\/bor\/wp-json\/wp\/v2\/types\/page"}],"author":[{"embeddable":true,"href":"https:\/\/www.crnkovic.com.hr\/bor\/wp-json\/wp\/v2\/users\/1"}],"replies":[{"embeddable":true,"href":"https:\/\/www.crnkovic.com.hr\/bor\/wp-json\/wp\/v2\/comments?post=39"}],"version-history":[{"count":161,"href":"https:\/\/www.crnkovic.com.hr\/bor\/wp-json\/wp\/v2\/pages\/39\/revisions"}],"predecessor-version":[{"id":1479,"href":"https:\/\/www.crnkovic.com.hr\/bor\/wp-json\/wp\/v2\/pages\/39\/revisions\/1479"}],"wp:attachment":[{"href":"https:\/\/www.crnkovic.com.hr\/bor\/wp-json\/wp\/v2\/media?parent=39"}],"curies":[{"name":"wp","href":"https:\/\/api.w.org\/{rel}","templated":true}]}}