{"id":833,"date":"2018-12-04T22:13:36","date_gmt":"2018-12-04T22:13:36","guid":{"rendered":"http:\/\/www.crnkovic.com.hr\/bor\/?page_id=833"},"modified":"2025-10-07T19:59:14","modified_gmt":"2025-10-07T19:59:14","slug":"najam-borova","status":"publish","type":"page","link":"https:\/\/www.crnkovic.com.hr\/bor\/najam-borova\/","title":{"rendered":"Najam borova"},"content":{"rendered":"<div id=\"dslc-theme-content\"><div id=\"dslc-theme-content-inner\"><p><a href=\"http:\/\/www.crnkovic.com.hr\/bor\/wp-content\/uploads\/2018\/12\/15192598_1074507542658897_3280747267751457547_n.jpg\"><img loading=\"lazy\" decoding=\"async\" class=\"aligncenter wp-image-835\" src=\"http:\/\/www.crnkovic.com.hr\/bor\/wp-content\/uploads\/2018\/12\/15192598_1074507542658897_3280747267751457547_n.jpg\" alt=\"\" width=\"600\" height=\"398\" srcset=\"https:\/\/www.crnkovic.com.hr\/bor\/wp-content\/uploads\/2018\/12\/15192598_1074507542658897_3280747267751457547_n.jpg 960w, https:\/\/www.crnkovic.com.hr\/bor\/wp-content\/uploads\/2018\/12\/15192598_1074507542658897_3280747267751457547_n-300x199.jpg 300w, https:\/\/www.crnkovic.com.hr\/bor\/wp-content\/uploads\/2018\/12\/15192598_1074507542658897_3280747267751457547_n-768x509.jpg 768w, https:\/\/www.crnkovic.com.hr\/bor\/wp-content\/uploads\/2018\/12\/15192598_1074507542658897_3280747267751457547_n-120x80.jpg 120w\" sizes=\"(max-width: 600px) 100vw, 600px\" \/><\/a><\/p>\n<h3>Iznajmljivanje ve\u0107ih koli\u010dina bo\u017ei\u0107nih drvaca za potrebe organizacije bo\u017ei\u0107nih proslava, domjenaka i okupljanja ili pojedina\u010dni najam za ure\u0111enje vlastitog doma.<\/h3>\n<h3>Organizirate li bo\u017ei\u0107nu proslavu i \u017eelite li tematski urediti prostor mi Vam mo\u017eemo pomo\u0107i. Osiguravamo jednodnevni ili vi\u0161ednevni najam bo\u017ei\u0107nih drvaca.<\/h3>\n<h3>Svake godine na\u0161a <a href=\"http:\/\/borovicrnkovic.com.hr\/\">bo\u017ei\u0107na drvca<\/a> ukra\u0161avaju mnogobrojna doga\u0111anja u Zagrebu, privatne proslave, terase restorana, neke trgove, prilaze objektima i sli\u010dno.<\/h3>\n<h3>Uredite privatni ili poslovni prostor Bo\u017ei\u0107nim drvcima u teglama, kontaktirajte nas i dogovorite detalje, koli\u010dinu drvaca i vrijeme najma &#8211; Dostava je osigurana.<\/h3>\n<h3 style=\"text-align: center;\">borovi@crnkovic.com.hr<\/h3>\n<h3 style=\"text-align: center;\"><strong>095 511 3396<\/strong><\/h3>\n<div id='gallery-1' class='gallery galleryid-833 gallery-columns-3 gallery-size-medium'><figure class='gallery-item'>\n\t\t\t<div class='gallery-icon landscape'>\n\t\t\t\t<a href='https:\/\/www.crnkovic.com.hr\/bor\/wp-content\/uploads\/2018\/12\/15192598_1074507542658897_3280747267751457547_n.jpg'><img loading=\"lazy\" decoding=\"async\" width=\"300\" height=\"199\" src=\"https:\/\/www.crnkovic.com.hr\/bor\/wp-content\/uploads\/2018\/12\/15192598_1074507542658897_3280747267751457547_n-300x199.jpg\" class=\"attachment-medium size-medium\" alt=\"\" srcset=\"https:\/\/www.crnkovic.com.hr\/bor\/wp-content\/uploads\/2018\/12\/15192598_1074507542658897_3280747267751457547_n-300x199.jpg 300w, https:\/\/www.crnkovic.com.hr\/bor\/wp-content\/uploads\/2018\/12\/15192598_1074507542658897_3280747267751457547_n-768x509.jpg 768w, https:\/\/www.crnkovic.com.hr\/bor\/wp-content\/uploads\/2018\/12\/15192598_1074507542658897_3280747267751457547_n-120x80.jpg 120w, https:\/\/www.crnkovic.com.hr\/bor\/wp-content\/uploads\/2018\/12\/15192598_1074507542658897_3280747267751457547_n.jpg 960w\" sizes=\"(max-width: 300px) 100vw, 300px\" \/><\/a>\n\t\t\t<\/div><\/figure><figure class='gallery-item'>\n\t\t\t<div class='gallery-icon landscape'>\n\t\t\t\t<a href='https:\/\/www.crnkovic.com.hr\/bor\/wp-content\/uploads\/2018\/12\/12244491_837609529682034_5722356967259560581_o.jpg'><img loading=\"lazy\" decoding=\"async\" width=\"300\" height=\"200\" src=\"https:\/\/www.crnkovic.com.hr\/bor\/wp-content\/uploads\/2018\/12\/12244491_837609529682034_5722356967259560581_o-300x200.jpg\" class=\"attachment-medium size-medium\" alt=\"\" srcset=\"https:\/\/www.crnkovic.com.hr\/bor\/wp-content\/uploads\/2018\/12\/12244491_837609529682034_5722356967259560581_o-300x200.jpg 300w, https:\/\/www.crnkovic.com.hr\/bor\/wp-content\/uploads\/2018\/12\/12244491_837609529682034_5722356967259560581_o-768x511.jpg 768w, https:\/\/www.crnkovic.com.hr\/bor\/wp-content\/uploads\/2018\/12\/12244491_837609529682034_5722356967259560581_o-1024x681.jpg 1024w, https:\/\/www.crnkovic.com.hr\/bor\/wp-content\/uploads\/2018\/12\/12244491_837609529682034_5722356967259560581_o-120x80.jpg 120w, https:\/\/www.crnkovic.com.hr\/bor\/wp-content\/uploads\/2018\/12\/12244491_837609529682034_5722356967259560581_o.jpg 1200w\" sizes=\"(max-width: 300px) 100vw, 300px\" \/><\/a>\n\t\t\t<\/div><\/figure><figure class='gallery-item'>\n\t\t\t<div class='gallery-icon portrait'>\n\t\t\t\t<a href='https:\/\/www.crnkovic.com.hr\/bor\/wp-content\/uploads\/2022\/12\/1.jpg'><img loading=\"lazy\" decoding=\"async\" width=\"216\" height=\"300\" src=\"https:\/\/www.crnkovic.com.hr\/bor\/wp-content\/uploads\/2022\/12\/1-216x300.jpg\" class=\"attachment-medium size-medium\" alt=\"\" srcset=\"https:\/\/www.crnkovic.com.hr\/bor\/wp-content\/uploads\/2022\/12\/1-216x300.jpg 216w, https:\/\/www.crnkovic.com.hr\/bor\/wp-content\/uploads\/2022\/12\/1-768x1066.jpg 768w, https:\/\/www.crnkovic.com.hr\/bor\/wp-content\/uploads\/2022\/12\/1-738x1024.jpg 738w, https:\/\/www.crnkovic.com.hr\/bor\/wp-content\/uploads\/2022\/12\/1.jpg 1441w\" sizes=\"(max-width: 216px) 100vw, 216px\" \/><\/a>\n\t\t\t<\/div><\/figure><figure class='gallery-item'>\n\t\t\t<div class='gallery-icon landscape'>\n\t\t\t\t<a href='https:\/\/www.crnkovic.com.hr\/bor\/wp-content\/uploads\/2022\/12\/2.jpg'><img loading=\"lazy\" decoding=\"async\" width=\"300\" height=\"214\" src=\"https:\/\/www.crnkovic.com.hr\/bor\/wp-content\/uploads\/2022\/12\/2-300x214.jpg\" class=\"attachment-medium size-medium\" alt=\"\" srcset=\"https:\/\/www.crnkovic.com.hr\/bor\/wp-content\/uploads\/2022\/12\/2-300x214.jpg 300w, https:\/\/www.crnkovic.com.hr\/bor\/wp-content\/uploads\/2022\/12\/2-768x548.jpg 768w, https:\/\/www.crnkovic.com.hr\/bor\/wp-content\/uploads\/2022\/12\/2-1024x731.jpg 1024w, https:\/\/www.crnkovic.com.hr\/bor\/wp-content\/uploads\/2022\/12\/2.jpg 2000w\" sizes=\"(max-width: 300px) 100vw, 300px\" \/><\/a>\n\t\t\t<\/div><\/figure><figure class='gallery-item'>\n\t\t\t<div class='gallery-icon landscape'>\n\t\t\t\t<a href='https:\/\/www.crnkovic.com.hr\/bor\/wp-content\/uploads\/2022\/12\/3.jpg'><img loading=\"lazy\" decoding=\"async\" width=\"300\" height=\"140\" src=\"https:\/\/www.crnkovic.com.hr\/bor\/wp-content\/uploads\/2022\/12\/3-300x140.jpg\" class=\"attachment-medium size-medium\" alt=\"\" srcset=\"https:\/\/www.crnkovic.com.hr\/bor\/wp-content\/uploads\/2022\/12\/3-300x140.jpg 300w, https:\/\/www.crnkovic.com.hr\/bor\/wp-content\/uploads\/2022\/12\/3-768x359.jpg 768w, https:\/\/www.crnkovic.com.hr\/bor\/wp-content\/uploads\/2022\/12\/3-1024x479.jpg 1024w, https:\/\/www.crnkovic.com.hr\/bor\/wp-content\/uploads\/2022\/12\/3.jpg 1500w\" sizes=\"(max-width: 300px) 100vw, 300px\" \/><\/a>\n\t\t\t<\/div><\/figure><figure class='gallery-item'>\n\t\t\t<div class='gallery-icon landscape'>\n\t\t\t\t<a href='https:\/\/www.crnkovic.com.hr\/bor\/wp-content\/uploads\/2022\/12\/4.jpg'><img loading=\"lazy\" decoding=\"async\" width=\"300\" height=\"300\" src=\"https:\/\/www.crnkovic.com.hr\/bor\/wp-content\/uploads\/2022\/12\/4-300x300.jpg\" class=\"attachment-medium size-medium\" alt=\"\" srcset=\"https:\/\/www.crnkovic.com.hr\/bor\/wp-content\/uploads\/2022\/12\/4-300x300.jpg 300w, https:\/\/www.crnkovic.com.hr\/bor\/wp-content\/uploads\/2022\/12\/4-150x150.jpg 150w, https:\/\/www.crnkovic.com.hr\/bor\/wp-content\/uploads\/2022\/12\/4-768x768.jpg 768w, https:\/\/www.crnkovic.com.hr\/bor\/wp-content\/uploads\/2022\/12\/4-1024x1024.jpg 1024w, https:\/\/www.crnkovic.com.hr\/bor\/wp-content\/uploads\/2022\/12\/4.jpg 1080w\" sizes=\"(max-width: 300px) 100vw, 300px\" \/><\/a>\n\t\t\t<\/div><\/figure><figure class='gallery-item'>\n\t\t\t<div class='gallery-icon landscape'>\n\t\t\t\t<a href='https:\/\/www.crnkovic.com.hr\/bor\/wp-content\/uploads\/2022\/12\/5.jpg'><img loading=\"lazy\" decoding=\"async\" width=\"300\" height=\"169\" src=\"https:\/\/www.crnkovic.com.hr\/bor\/wp-content\/uploads\/2022\/12\/5-300x169.jpg\" class=\"attachment-medium size-medium\" alt=\"\" srcset=\"https:\/\/www.crnkovic.com.hr\/bor\/wp-content\/uploads\/2022\/12\/5-300x169.jpg 300w, https:\/\/www.crnkovic.com.hr\/bor\/wp-content\/uploads\/2022\/12\/5-768x432.jpg 768w, https:\/\/www.crnkovic.com.hr\/bor\/wp-content\/uploads\/2022\/12\/5-1024x576.jpg 1024w, https:\/\/www.crnkovic.com.hr\/bor\/wp-content\/uploads\/2022\/12\/5.jpg 2000w\" sizes=\"(max-width: 300px) 100vw, 300px\" \/><\/a>\n\t\t\t<\/div><\/figure><figure class='gallery-item'>\n\t\t\t<div class='gallery-icon landscape'>\n\t\t\t\t<a href='https:\/\/www.crnkovic.com.hr\/bor\/wp-content\/uploads\/2022\/12\/6.jpg'><img loading=\"lazy\" decoding=\"async\" width=\"300\" height=\"217\" src=\"https:\/\/www.crnkovic.com.hr\/bor\/wp-content\/uploads\/2022\/12\/6-300x217.jpg\" class=\"attachment-medium size-medium\" alt=\"\" srcset=\"https:\/\/www.crnkovic.com.hr\/bor\/wp-content\/uploads\/2022\/12\/6-300x217.jpg 300w, https:\/\/www.crnkovic.com.hr\/bor\/wp-content\/uploads\/2022\/12\/6-768x555.jpg 768w, https:\/\/www.crnkovic.com.hr\/bor\/wp-content\/uploads\/2022\/12\/6-1024x740.jpg 1024w, https:\/\/www.crnkovic.com.hr\/bor\/wp-content\/uploads\/2022\/12\/6.jpg 2048w\" sizes=\"(max-width: 300px) 100vw, 300px\" \/><\/a>\n\t\t\t<\/div><\/figure><figure class='gallery-item'>\n\t\t\t<div class='gallery-icon landscape'>\n\t\t\t\t<a href='https:\/\/www.crnkovic.com.hr\/bor\/wp-content\/uploads\/2022\/12\/7.jpg'><img loading=\"lazy\" decoding=\"async\" width=\"300\" height=\"205\" src=\"https:\/\/www.crnkovic.com.hr\/bor\/wp-content\/uploads\/2022\/12\/7-300x205.jpg\" class=\"attachment-medium size-medium\" alt=\"\" srcset=\"https:\/\/www.crnkovic.com.hr\/bor\/wp-content\/uploads\/2022\/12\/7-300x205.jpg 300w, https:\/\/www.crnkovic.com.hr\/bor\/wp-content\/uploads\/2022\/12\/7-768x525.jpg 768w, https:\/\/www.crnkovic.com.hr\/bor\/wp-content\/uploads\/2022\/12\/7-1024x699.jpg 1024w, https:\/\/www.crnkovic.com.hr\/bor\/wp-content\/uploads\/2022\/12\/7.jpg 2000w\" sizes=\"(max-width: 300px) 100vw, 300px\" \/><\/a>\n\t\t\t<\/div><\/figure><figure class='gallery-item'>\n\t\t\t<div class='gallery-icon landscape'>\n\t\t\t\t<a href='https:\/\/www.crnkovic.com.hr\/bor\/wp-content\/uploads\/2022\/12\/8.jpg'><img loading=\"lazy\" decoding=\"async\" width=\"300\" height=\"169\" src=\"https:\/\/www.crnkovic.com.hr\/bor\/wp-content\/uploads\/2022\/12\/8-300x169.jpg\" class=\"attachment-medium size-medium\" alt=\"\" srcset=\"https:\/\/www.crnkovic.com.hr\/bor\/wp-content\/uploads\/2022\/12\/8-300x169.jpg 300w, https:\/\/www.crnkovic.com.hr\/bor\/wp-content\/uploads\/2022\/12\/8-768x432.jpg 768w, https:\/\/www.crnkovic.com.hr\/bor\/wp-content\/uploads\/2022\/12\/8-1024x576.jpg 1024w, https:\/\/www.crnkovic.com.hr\/bor\/wp-content\/uploads\/2022\/12\/8.jpg 2000w\" sizes=\"(max-width: 300px) 100vw, 300px\" \/><\/a>\n\t\t\t<\/div><\/figure><figure class='gallery-item'>\n\t\t\t<div class='gallery-icon landscape'>\n\t\t\t\t<a href='https:\/\/www.crnkovic.com.hr\/bor\/wp-content\/uploads\/2022\/12\/9.jpg'><img loading=\"lazy\" decoding=\"async\" width=\"300\" height=\"199\" src=\"https:\/\/www.crnkovic.com.hr\/bor\/wp-content\/uploads\/2022\/12\/9-300x199.jpg\" class=\"attachment-medium size-medium\" alt=\"\" srcset=\"https:\/\/www.crnkovic.com.hr\/bor\/wp-content\/uploads\/2022\/12\/9-300x199.jpg 300w, https:\/\/www.crnkovic.com.hr\/bor\/wp-content\/uploads\/2022\/12\/9-768x509.jpg 768w, https:\/\/www.crnkovic.com.hr\/bor\/wp-content\/uploads\/2022\/12\/9-120x80.jpg 120w, https:\/\/www.crnkovic.com.hr\/bor\/wp-content\/uploads\/2022\/12\/9.jpg 960w\" sizes=\"(max-width: 300px) 100vw, 300px\" \/><\/a>\n\t\t\t<\/div><\/figure><figure class='gallery-item'>\n\t\t\t<div class='gallery-icon portrait'>\n\t\t\t\t<a href='https:\/\/www.crnkovic.com.hr\/bor\/wp-content\/uploads\/2022\/12\/127280260_3372903232819305_3788414805173487839_n.jpg'><img loading=\"lazy\" decoding=\"async\" width=\"240\" height=\"300\" src=\"https:\/\/www.crnkovic.com.hr\/bor\/wp-content\/uploads\/2022\/12\/127280260_3372903232819305_3788414805173487839_n-240x300.jpg\" class=\"attachment-medium size-medium\" alt=\"\" srcset=\"https:\/\/www.crnkovic.com.hr\/bor\/wp-content\/uploads\/2022\/12\/127280260_3372903232819305_3788414805173487839_n-240x300.jpg 240w, https:\/\/www.crnkovic.com.hr\/bor\/wp-content\/uploads\/2022\/12\/127280260_3372903232819305_3788414805173487839_n-768x961.jpg 768w, https:\/\/www.crnkovic.com.hr\/bor\/wp-content\/uploads\/2022\/12\/127280260_3372903232819305_3788414805173487839_n-819x1024.jpg 819w, https:\/\/www.crnkovic.com.hr\/bor\/wp-content\/uploads\/2022\/12\/127280260_3372903232819305_3788414805173487839_n.jpg 1080w\" sizes=\"(max-width: 240px) 100vw, 240px\" \/><\/a>\n\t\t\t<\/div><\/figure><figure class='gallery-item'>\n\t\t\t<div class='gallery-icon landscape'>\n\t\t\t\t<a href='https:\/\/www.crnkovic.com.hr\/bor\/wp-content\/uploads\/2022\/12\/263316391_4434794533296831_7467611765225907347_n.jpg'><img loading=\"lazy\" decoding=\"async\" width=\"300\" height=\"240\" src=\"https:\/\/www.crnkovic.com.hr\/bor\/wp-content\/uploads\/2022\/12\/263316391_4434794533296831_7467611765225907347_n-300x240.jpg\" class=\"attachment-medium size-medium\" alt=\"\" srcset=\"https:\/\/www.crnkovic.com.hr\/bor\/wp-content\/uploads\/2022\/12\/263316391_4434794533296831_7467611765225907347_n-300x240.jpg 300w, https:\/\/www.crnkovic.com.hr\/bor\/wp-content\/uploads\/2022\/12\/263316391_4434794533296831_7467611765225907347_n-768x613.jpg 768w, https:\/\/www.crnkovic.com.hr\/bor\/wp-content\/uploads\/2022\/12\/263316391_4434794533296831_7467611765225907347_n-1024x818.jpg 1024w, https:\/\/www.crnkovic.com.hr\/bor\/wp-content\/uploads\/2022\/12\/263316391_4434794533296831_7467611765225907347_n.jpg 2000w\" sizes=\"(max-width: 300px) 100vw, 300px\" \/><\/a>\n\t\t\t<\/div><\/figure><figure class='gallery-item'>\n\t\t\t<div class='gallery-icon landscape'>\n\t\t\t\t<a href='https:\/\/www.crnkovic.com.hr\/bor\/wp-content\/uploads\/2022\/12\/263327454_4444950018947949_1654354526986476052_n.jpg'><img loading=\"lazy\" decoding=\"async\" width=\"300\" height=\"169\" src=\"https:\/\/www.crnkovic.com.hr\/bor\/wp-content\/uploads\/2022\/12\/263327454_4444950018947949_1654354526986476052_n-300x169.jpg\" class=\"attachment-medium size-medium\" alt=\"\" srcset=\"https:\/\/www.crnkovic.com.hr\/bor\/wp-content\/uploads\/2022\/12\/263327454_4444950018947949_1654354526986476052_n-300x169.jpg 300w, https:\/\/www.crnkovic.com.hr\/bor\/wp-content\/uploads\/2022\/12\/263327454_4444950018947949_1654354526986476052_n-768x432.jpg 768w, https:\/\/www.crnkovic.com.hr\/bor\/wp-content\/uploads\/2022\/12\/263327454_4444950018947949_1654354526986476052_n.jpg 960w\" sizes=\"(max-width: 300px) 100vw, 300px\" \/><\/a>\n\t\t\t<\/div><\/figure><figure class='gallery-item'>\n\t\t\t<div class='gallery-icon portrait'>\n\t\t\t\t<a href='https:\/\/www.crnkovic.com.hr\/bor\/wp-content\/uploads\/2022\/12\/c.jpg'><img loading=\"lazy\" decoding=\"async\" width=\"250\" height=\"300\" src=\"https:\/\/www.crnkovic.com.hr\/bor\/wp-content\/uploads\/2022\/12\/c-250x300.jpg\" class=\"attachment-medium size-medium\" alt=\"\" srcset=\"https:\/\/www.crnkovic.com.hr\/bor\/wp-content\/uploads\/2022\/12\/c-250x300.jpg 250w, https:\/\/www.crnkovic.com.hr\/bor\/wp-content\/uploads\/2022\/12\/c-768x923.jpg 768w, https:\/\/www.crnkovic.com.hr\/bor\/wp-content\/uploads\/2022\/12\/c-852x1024.jpg 852w, https:\/\/www.crnkovic.com.hr\/bor\/wp-content\/uploads\/2022\/12\/c.jpg 981w\" sizes=\"(max-width: 250px) 100vw, 250px\" \/><\/a>\n\t\t\t<\/div><\/figure><figure class='gallery-item'>\n\t\t\t<div class='gallery-icon landscape'>\n\t\t\t\t<a href='https:\/\/www.crnkovic.com.hr\/bor\/wp-content\/uploads\/2022\/12\/event.jpg'><img loading=\"lazy\" decoding=\"async\" width=\"300\" height=\"200\" src=\"https:\/\/www.crnkovic.com.hr\/bor\/wp-content\/uploads\/2022\/12\/event-300x200.jpg\" class=\"attachment-medium size-medium\" alt=\"\" srcset=\"https:\/\/www.crnkovic.com.hr\/bor\/wp-content\/uploads\/2022\/12\/event-300x200.jpg 300w, https:\/\/www.crnkovic.com.hr\/bor\/wp-content\/uploads\/2022\/12\/event-768x512.jpg 768w, https:\/\/www.crnkovic.com.hr\/bor\/wp-content\/uploads\/2022\/12\/event-1024x683.jpg 1024w, https:\/\/www.crnkovic.com.hr\/bor\/wp-content\/uploads\/2022\/12\/event-120x80.jpg 120w, https:\/\/www.crnkovic.com.hr\/bor\/wp-content\/uploads\/2022\/12\/event.jpg 1125w\" sizes=\"(max-width: 300px) 100vw, 300px\" \/><\/a>\n\t\t\t<\/div><\/figure><figure class='gallery-item'>\n\t\t\t<div class='gallery-icon landscape'>\n\t\t\t\t<a href='https:\/\/www.crnkovic.com.hr\/bor\/wp-content\/uploads\/2022\/12\/rimac2-copy.jpg'><img loading=\"lazy\" decoding=\"async\" width=\"300\" height=\"249\" src=\"https:\/\/www.crnkovic.com.hr\/bor\/wp-content\/uploads\/2022\/12\/rimac2-copy-300x249.jpg\" class=\"attachment-medium size-medium\" alt=\"\" srcset=\"https:\/\/www.crnkovic.com.hr\/bor\/wp-content\/uploads\/2022\/12\/rimac2-copy-300x249.jpg 300w, https:\/\/www.crnkovic.com.hr\/bor\/wp-content\/uploads\/2022\/12\/rimac2-copy-768x638.jpg 768w, https:\/\/www.crnkovic.com.hr\/bor\/wp-content\/uploads\/2022\/12\/rimac2-copy-1024x851.jpg 1024w, https:\/\/www.crnkovic.com.hr\/bor\/wp-content\/uploads\/2022\/12\/rimac2-copy.jpg 2000w\" sizes=\"(max-width: 300px) 100vw, 300px\" \/><\/a>\n\t\t\t<\/div><\/figure><figure class='gallery-item'>\n\t\t\t<div class='gallery-icon landscape'>\n\t\t\t\t<a href='https:\/\/www.crnkovic.com.hr\/bor\/wp-content\/uploads\/2022\/12\/sajam-copy.jpg'><img loading=\"lazy\" decoding=\"async\" width=\"300\" height=\"186\" src=\"https:\/\/www.crnkovic.com.hr\/bor\/wp-content\/uploads\/2022\/12\/sajam-copy-300x186.jpg\" class=\"attachment-medium size-medium\" alt=\"\" srcset=\"https:\/\/www.crnkovic.com.hr\/bor\/wp-content\/uploads\/2022\/12\/sajam-copy-300x186.jpg 300w, https:\/\/www.crnkovic.com.hr\/bor\/wp-content\/uploads\/2022\/12\/sajam-copy-768x477.jpg 768w, https:\/\/www.crnkovic.com.hr\/bor\/wp-content\/uploads\/2022\/12\/sajam-copy-1024x636.jpg 1024w, https:\/\/www.crnkovic.com.hr\/bor\/wp-content\/uploads\/2022\/12\/sajam-copy.jpg 2000w\" sizes=\"(max-width: 300px) 100vw, 300px\" \/><\/a>\n\t\t\t<\/div><\/figure><figure class='gallery-item'>\n\t\t\t<div class='gallery-icon portrait'>\n\t\t\t\t<a href='https:\/\/www.crnkovic.com.hr\/bor\/wp-content\/uploads\/2022\/12\/sancta.jpg'><img loading=\"lazy\" decoding=\"async\" width=\"246\" height=\"300\" src=\"https:\/\/www.crnkovic.com.hr\/bor\/wp-content\/uploads\/2022\/12\/sancta-246x300.jpg\" class=\"attachment-medium size-medium\" alt=\"\" srcset=\"https:\/\/www.crnkovic.com.hr\/bor\/wp-content\/uploads\/2022\/12\/sancta-246x300.jpg 246w, https:\/\/www.crnkovic.com.hr\/bor\/wp-content\/uploads\/2022\/12\/sancta-768x938.jpg 768w, https:\/\/www.crnkovic.com.hr\/bor\/wp-content\/uploads\/2022\/12\/sancta-839x1024.jpg 839w, https:\/\/www.crnkovic.com.hr\/bor\/wp-content\/uploads\/2022\/12\/sancta.jpg 1638w\" sizes=\"(max-width: 246px) 100vw, 246px\" \/><\/a>\n\t\t\t<\/div><\/figure>\n\t\t<\/div>\n\n<\/div><\/div>","protected":false},"excerpt":{"rendered":"<p>Iznajmljivanje ve\u0107ih koli\u010dina bo\u017ei\u0107nih drvaca za potrebe organizacije bo\u017ei\u0107nih proslava, domjenaka i okupljanja ili pojedina\u010dni najam za ure\u0111enje vlastitog doma. Organizirate li bo\u017ei\u0107nu proslavu i \u017eelite li tematski urediti prostor mi Vam mo\u017eemo pomo\u0107i. Osiguravamo jednodnevni ili vi\u0161ednevni najam bo\u017ei\u0107nih drvaca. Svake godine na\u0161a bo\u017ei\u0107na drvca ukra\u0161avaju mnogobrojna doga\u0111anja u Zagrebu, privatne proslave, terase restorana, [&hellip;]<\/p>\n","protected":false},"author":1,"featured_media":0,"parent":0,"menu_order":0,"comment_status":"closed","ping_status":"closed","template":"","meta":{"footnotes":""},"class_list":["post-833","page","type-page","status-publish","hentry"],"_links":{"self":[{"href":"https:\/\/www.crnkovic.com.hr\/bor\/wp-json\/wp\/v2\/pages\/833"}],"collection":[{"href":"https:\/\/www.crnkovic.com.hr\/bor\/wp-json\/wp\/v2\/pages"}],"about":[{"href":"https:\/\/www.crnkovic.com.hr\/bor\/wp-json\/wp\/v2\/types\/page"}],"author":[{"embeddable":true,"href":"https:\/\/www.crnkovic.com.hr\/bor\/wp-json\/wp\/v2\/users\/1"}],"replies":[{"embeddable":true,"href":"https:\/\/www.crnkovic.com.hr\/bor\/wp-json\/wp\/v2\/comments?post=833"}],"version-history":[{"count":30,"href":"https:\/\/www.crnkovic.com.hr\/bor\/wp-json\/wp\/v2\/pages\/833\/revisions"}],"predecessor-version":[{"id":1478,"href":"https:\/\/www.crnkovic.com.hr\/bor\/wp-json\/wp\/v2\/pages\/833\/revisions\/1478"}],"wp:attachment":[{"href":"https:\/\/www.crnkovic.com.hr\/bor\/wp-json\/wp\/v2\/media?parent=833"}],"curies":[{"name":"wp","href":"https:\/\/api.w.org\/{rel}","templated":true}]}}