{"id":86,"date":"2012-11-26T17:49:20","date_gmt":"2012-11-26T17:49:20","guid":{"rendered":"http:\/\/www.crnkovic.com.hr\/bor\/?page_id=86"},"modified":"2025-10-12T08:34:53","modified_gmt":"2025-10-12T08:34:53","slug":"prodaja-borova","status":"publish","type":"page","link":"https:\/\/www.crnkovic.com.hr\/bor\/prodaja-borova\/","title":{"rendered":"prodaja borova Zagreb"},"content":{"rendered":"<div id=\"dslc-theme-content\"><div id=\"dslc-theme-content-inner\"><h2 style=\"text-align: center;\">PRODAJA BO\u017dI\u0106NIH DRVACA ZAGREB<\/h2>\n<p>Posjetite neku od na\u0161ih prodajnih lokacija u Zagrebu razgledajte bo\u017ei\u0107na drvca i odaberite najljep\u0161e bo\u017ei\u0107no drvce za sebe i svoju obitelj.<\/p>\n<p><strong><a href=\"http:\/\/www.crnkovic.com.hr\/bor\/prodaja-borova\/\">Prodaja bo\u017ei\u0107nih drvaca<\/a> na prodajnim lokacijama u gradu po\u010dinje 18.12. i traje do 24.12.2025 na svim prodajnim lokacijama u gradu.<br \/>\nSvakodnevno od 10.00h &#8211; 20.00h<\/strong><\/p>\n<p><span style=\"color: #008000;\"><strong>U periodu 1.10.-10.12.2025 zaprimamo narud\u017ebe za bo\u017ei\u0107na drvca putem interneta s mogu\u0107nosti dostave ili osobnog preuzimanja.<\/strong><\/span><\/p>\n<h2 style=\"text-align: center;\"><a href=\"https:\/\/borovicrnkovic.com.hr\/trgovina\/\"><img loading=\"lazy\" decoding=\"async\" class=\"aligncenter wp-image-1466 size-full\" src=\"http:\/\/www.crnkovic.com.hr\/bor\/wp-content\/uploads\/2025\/10\/borovi-prodaja.png\" alt=\"\" width=\"300\" height=\"300\" srcset=\"https:\/\/www.crnkovic.com.hr\/bor\/wp-content\/uploads\/2025\/10\/borovi-prodaja.png 300w, https:\/\/www.crnkovic.com.hr\/bor\/wp-content\/uploads\/2025\/10\/borovi-prodaja-150x150.png 150w\" sizes=\"(max-width: 300px) 100vw, 300px\" \/><\/a><\/h2>\n<p><strong>Svake godine u ranijem periodu primamo online narud\u017ebe za bo\u017ei\u0107na drvca s dostavom na podru\u010dju Zagreba. Prijavite se na na\u0161u kontakt listu i obavijestit \u0107emo Vas na vrijeme kad krenemo s rezervacijama Bo\u017ei\u0107nih drvaca.<\/strong><\/p>\n<div class=\"wpforms-container wpforms-container-full\" id=\"wpforms-1259\"><form id=\"wpforms-form-1259\" class=\"wpforms-validate wpforms-form wpforms-ajax-form\" data-formid=\"1259\" method=\"post\" enctype=\"multipart\/form-data\" action=\"\/bor\/wp-json\/wp\/v2\/pages\/86\" data-token=\"738c8a0d4bc5a0415544777202b347d3\" data-token-time=\"1776199396\"><noscript class=\"wpforms-error-noscript\">Please enable JavaScript in your browser to complete this form.<\/noscript><div class=\"wpforms-field-container\"><div id=\"wpforms-1259-field_1-container\" class=\"wpforms-field wpforms-field-name\" data-field-id=\"1\"><label class=\"wpforms-field-label\" for=\"wpforms-1259-field_1\">Va\u0161e ime <span class=\"wpforms-required-label\">*<\/span><\/label><input type=\"text\" id=\"wpforms-1259-field_1\" class=\"wpforms-field-medium wpforms-field-required\" name=\"wpforms[fields][1]\" required><\/div><div id=\"wpforms-1259-field_2-container\" class=\"wpforms-field wpforms-field-email\" data-field-id=\"2\"><label class=\"wpforms-field-label\" for=\"wpforms-1259-field_2\">Va\u0161 email <span class=\"wpforms-required-label\">*<\/span><\/label><input type=\"email\" id=\"wpforms-1259-field_2\" class=\"wpforms-field-medium wpforms-field-required\" name=\"wpforms[fields][2]\" spellcheck=\"false\" required><\/div><\/div><!-- .wpforms-field-container --><div class=\"wpforms-submit-container\" ><input type=\"hidden\" name=\"wpforms[id]\" value=\"1259\"><input type=\"hidden\" name=\"page_title\" value=\"\"><input type=\"hidden\" name=\"page_url\" value=\"https:\/\/www.crnkovic.com.hr\/bor\/wp-json\/wp\/v2\/pages\/86\"><button type=\"submit\" name=\"wpforms[submit]\" id=\"wpforms-submit-1259\" class=\"wpforms-submit\" data-alt-text=\"Sending...\" data-submit-text=\"Submit\" aria-live=\"assertive\" value=\"wpforms-submit\">Submit<\/button><img loading=\"lazy\" decoding=\"async\" src=\"https:\/\/www.crnkovic.com.hr\/bor\/wp-content\/plugins\/wpforms-lite\/assets\/images\/submit-spin.svg\" class=\"wpforms-submit-spinner\" style=\"display: none;\" width=\"26\" height=\"26\" alt=\"Loading\"><\/div><\/form><\/div>  <!-- .wpforms-container -->\n<p style=\"text-align: center;\"><iframe loading=\"lazy\" src=\"https:\/\/www.google.com\/maps\/d\/u\/0\/embed?mid=119cwl_aevhmC6nLDPKSByye54us\" width=\"640\" height=\"480\"><\/iframe><\/p>\n<h2 style=\"text-align: center;\"><a style=\"color: #ff0000;\" title=\"Prodaja borova\" href=\"http:\/\/www.crnkovic.com.hr\/bor\/prodaja-borova\/\">PRODAJNE LOKACIJE U ZAGREBU<\/a><\/h2>\n<p style=\"text-align: center;\"><a href=\"http:\/\/www.crnkovic.com.hr\/bor\/prodaja-borova\/\">Prodaja Bo\u017ei\u0107nih drvaca<\/a><\/p>\n<h2 style=\"text-align: center;\">18.12. &#8211; 24.12.<\/h2>\n<p style=\"text-align: left;\"><strong><span style=\"color: #ff0000;\"><a style=\"color: #ff0000;\" href=\"http:\/\/www.crnkovic.com.hr\/bor\/wp-content\/uploads\/2012\/12\/karta-remetinec-botinec.jpg\">Remetinec, Botinec<\/a><\/span><br \/>\n<\/strong>Parkirali\u0161te kod super Konzuma<br \/>\nKri\u017eanje Sisa\u010dka-Luje Naletili\u0107a<\/p>\n<p><span style=\"color: #ff0000;\"><strong>Travno<\/strong><\/span><br \/>\nKod Mamutice<strong><span style=\"color: #ff0000;\">\u00a0<\/span><\/strong><\/p>\n<p style=\"text-align: center;\"><iframe loading=\"lazy\" src=\"https:\/\/www.google.com\/maps\/d\/embed?mid=zA28B91TTsNs.kF163K7uPnAw\" width=\"640\" height=\"480\"><\/iframe><\/p>\n<p style=\"text-align: left;\">Posjetite neku od na\u0161ih prodajnih lokacija u Zagrebu razgledajte bo\u017ei\u0107na drvca i odaberite najljep\u0161e bo\u017ei\u0107no drvce za sebe i svoju obitelj.<br \/>\nU prodaji se nalaze sve vrste rezanih bo\u017ei\u0107nih drvaca u visini 120-300cm.<\/p>\n<p style=\"text-align: center;\"><a href=\"https:\/\/borovicrnkovic.com.hr\/\"><img loading=\"lazy\" decoding=\"async\" class=\"aligncenter wp-image-910\" src=\"http:\/\/www.crnkovic.com.hr\/bor\/wp-content\/uploads\/2019\/11\/bozicna-drvca.jpg\" alt=\"\" width=\"800\" height=\"450\" srcset=\"https:\/\/www.crnkovic.com.hr\/bor\/wp-content\/uploads\/2019\/11\/bozicna-drvca.jpg 1920w, https:\/\/www.crnkovic.com.hr\/bor\/wp-content\/uploads\/2019\/11\/bozicna-drvca-300x169.jpg 300w, https:\/\/www.crnkovic.com.hr\/bor\/wp-content\/uploads\/2019\/11\/bozicna-drvca-768x432.jpg 768w, https:\/\/www.crnkovic.com.hr\/bor\/wp-content\/uploads\/2019\/11\/bozicna-drvca-1024x576.jpg 1024w\" sizes=\"(max-width: 800px) 100vw, 800px\" \/><\/a><\/p>\n<p>Cijele godine mogu\u0107e je kod nas nabaviti sve vrste i veli\u010dine bo\u017ei\u0107nih drvaca, sjemena i sadnica.<\/p>\n<p>Na\u0161 rasadnik i na\u0161i borovici nalaze se na \u017dumberku (50km od Zagreba) iznad mjesta Kra\u0161i\u0107<\/p>\n<p style=\"text-align: center;\">\u00a0\u00a0borovi@crnkovic.com.hr<\/p>\n<p>U ranijem terminu svake godine\u00a0kod nas mo\u017eete online naru\u010diti i kupiti bo\u017ei\u0107no drvce po mjeri i \u017eelji, odaberite vrstu i veli\u010dinu drvca, nakon toga odgovoriti \u0107emo Vam s cijenom i terminom dostave, te ukoliko Vam odgovara\u00a0dostaviti \u0107emo ga na dogovorenu adresu.<\/p>\n<p><em>Ukoliko iz bilo kojeg razloga ne bi bili zadovoljni dostavljenim drvcem, niste ga du\u017eni preuzeti. Dostava se vr\u0161i do dvori\u0161ta ili haustora, zbog velikog broja dostava nismo u mogu\u0107nosti unositi drvca u stan.<\/em><\/p>\n<p>Pla\u0107anje se vr\u0161i kod dostave.<\/p>\n<div><\/div>\n<div>Za eventualne ranije termine dostave slobodno nas kontaktirajte.<\/div>\n<p>Na\u0161i vjerni kupci upoznati su s na\u0161im lokacijama, jer ve\u0107 godinama poslujemo na istim adresama. <a href=\"https:\/\/www.crnkovic.com.hr\/bor\/prodaja-borova\/\">Prodaja Borova<\/a>\u00a0na na\u0161im \u0161tandovima vr\u0161i se svake godine u periodu;\u00a0<strong>18.-24- prosinac od 10h do 20h svakog dana.<\/strong><\/p>\n<p>&nbsp;<\/p>\n<p><strong>Pretplatite se na na\u0161 Youtube kanal<\/strong><br \/>\n<a href=\"https:\/\/www.youtube.com\/channel\/UCVgKthl4aZltNZjSvBZwhSg\">https:\/\/www.youtube.com\/channel\/UCVgKthl4aZltNZjSvBZwhSg <\/a><\/p>\n<p><strong>Zapratite nas na Instagramu<\/strong><br \/>\n<a href=\"https:\/\/www.instagram.com\/borovi_crnkovic\/\">https:\/\/www.instagram.com\/borovi_crnkovic\/ <\/a><\/p>\n<p><strong>Potra\u017eite nas i na dru\u0161tvenim mre\u017eama<\/strong><br \/>\nLinkedIn: <a href=\"https:\/\/linkedin.com\/company\/borovicrnkovic\">https:\/\/linkedin.com\/company\/borovicrnkovic<\/a><br \/>\nTwitter: <a href=\"https:\/\/twitter.com\/BoroviCrnkovic\">https:\/\/twitter.com\/BoroviCrnkovic<\/a><br \/>\nPinterest: <a href=\"https:\/\/www.pinterest.com\/borovicrnkovic\">https:\/\/www.pinterest.com\/borovicrnkovic<\/a><\/p>\n<\/div><\/div>","protected":false},"excerpt":{"rendered":"<p>PRODAJA BO\u017dI\u0106NIH DRVACA ZAGREB Posjetite neku od na\u0161ih prodajnih lokacija u Zagrebu razgledajte bo\u017ei\u0107na drvca i odaberite najljep\u0161e bo\u017ei\u0107no drvce za sebe i svoju obitelj. Prodaja bo\u017ei\u0107nih drvaca na prodajnim lokacijama u gradu po\u010dinje 18.12. i traje do 24.12.2025 na svim prodajnim lokacijama u gradu. Svakodnevno od 10.00h &#8211; 20.00h U periodu 1.10.-10.12.2025 zaprimamo narud\u017ebe [&hellip;]<\/p>\n","protected":false},"author":1,"featured_media":0,"parent":0,"menu_order":0,"comment_status":"closed","ping_status":"closed","template":"","meta":{"footnotes":""},"class_list":["post-86","page","type-page","status-publish","hentry"],"_links":{"self":[{"href":"https:\/\/www.crnkovic.com.hr\/bor\/wp-json\/wp\/v2\/pages\/86"}],"collection":[{"href":"https:\/\/www.crnkovic.com.hr\/bor\/wp-json\/wp\/v2\/pages"}],"about":[{"href":"https:\/\/www.crnkovic.com.hr\/bor\/wp-json\/wp\/v2\/types\/page"}],"author":[{"embeddable":true,"href":"https:\/\/www.crnkovic.com.hr\/bor\/wp-json\/wp\/v2\/users\/1"}],"replies":[{"embeddable":true,"href":"https:\/\/www.crnkovic.com.hr\/bor\/wp-json\/wp\/v2\/comments?post=86"}],"version-history":[{"count":177,"href":"https:\/\/www.crnkovic.com.hr\/bor\/wp-json\/wp\/v2\/pages\/86\/revisions"}],"predecessor-version":[{"id":1480,"href":"https:\/\/www.crnkovic.com.hr\/bor\/wp-json\/wp\/v2\/pages\/86\/revisions\/1480"}],"wp:attachment":[{"href":"https:\/\/www.crnkovic.com.hr\/bor\/wp-json\/wp\/v2\/media?parent=86"}],"curies":[{"name":"wp","href":"https:\/\/api.w.org\/{rel}","templated":true}]}}